{"id":945,"date":"2023-08-06T19:21:13","date_gmt":"2023-08-06T22:21:13","guid":{"rendered":"https:\/\/defleurenfleurs.ca\/product\/seau-au-choix-du-producteur\/"},"modified":"2023-11-05T12:56:14","modified_gmt":"2023-11-05T15:56:14","slug":"seau-choix-producteur","status":"publish","type":"product","link":"https:\/\/defleurenfleurs.ca\/fr\/produit\/seau-choix-producteur\/","title":{"rendered":"Seaux"},"content":{"rendered":"<p>Les fleurs sont cueillies par nos soins parmi nos meilleures fleurs en fleurs \u00e0 ce moment-l\u00e0. Nous ne pouvons pas garantir des fleurs sp\u00e9cifiques, mais nous pouvons vous montrer des photos de ce qui fleurit g\u00e9n\u00e9ralement dans nos jardins au moment de votre \u00e9v\u00e9nement.<\/p>\n","protected":false},"excerpt":{"rendered":"<p>Vous pr\u00e9voyez un \u00e9v\u00e9nement sp\u00e9cial ? Vous avez un mariage, un anniversaire, une baby shower ou une r\u00e9union sp\u00e9ciale \u00e0 venir ? Nous avons les fleurs pour vous !<\/p>\n","protected":false},"featured_media":1240,"comment_status":"open","ping_status":"closed","template":"","meta":{"om_disable_all_campaigns":false,"_monsterinsights_skip_tracking":false,"_monsterinsights_sitenote_active":false,"_monsterinsights_sitenote_note":"","_monsterinsights_sitenote_category":0},"product_brand":[],"product_cat":[39],"product_tag":[],"class_list":{"0":"post-945","1":"product","2":"type-product","3":"status-publish","4":"has-post-thumbnail","6":"product_cat-non-classifiee","8":"first","9":"outofstock","10":"shipping-taxable","11":"product-type-simple"},"aioseo_notices":[],"jetpack_sharing_enabled":true,"_links":{"self":[{"href":"https:\/\/defleurenfleurs.ca\/fr\/wp-json\/wp\/v2\/product\/945","targetHints":{"allow":["GET"]}}],"collection":[{"href":"https:\/\/defleurenfleurs.ca\/fr\/wp-json\/wp\/v2\/product"}],"about":[{"href":"https:\/\/defleurenfleurs.ca\/fr\/wp-json\/wp\/v2\/types\/product"}],"replies":[{"embeddable":true,"href":"https:\/\/defleurenfleurs.ca\/fr\/wp-json\/wp\/v2\/comments?post=945"}],"wp:featuredmedia":[{"embeddable":true,"href":"https:\/\/defleurenfleurs.ca\/fr\/wp-json\/wp\/v2\/media\/1240"}],"wp:attachment":[{"href":"https:\/\/defleurenfleurs.ca\/fr\/wp-json\/wp\/v2\/media?parent=945"}],"wp:term":[{"taxonomy":"product_brand","embeddable":true,"href":"https:\/\/defleurenfleurs.ca\/fr\/wp-json\/wp\/v2\/product_brand?post=945"},{"taxonomy":"product_cat","embeddable":true,"href":"https:\/\/defleurenfleurs.ca\/fr\/wp-json\/wp\/v2\/product_cat?post=945"},{"taxonomy":"product_tag","embeddable":true,"href":"https:\/\/defleurenfleurs.ca\/fr\/wp-json\/wp\/v2\/product_tag?post=945"}],"curies":[{"name":"wp","href":"https:\/\/api.w.org\/{rel}","templated":true}]}}