{"id":940,"date":"2023-08-06T15:07:38","date_gmt":"2023-08-06T18:07:38","guid":{"rendered":"https:\/\/defleurenfleurs.ca\/product\/carte-cadeau-100\/"},"modified":"2023-08-06T15:07:38","modified_gmt":"2023-08-06T18:07:38","slug":"carte-cadeau-100","status":"publish","type":"product","link":"https:\/\/defleurenfleurs.ca\/fr\/produit\/carte-cadeau-100\/","title":{"rendered":"Carte Cadeau $100"},"content":{"rendered":"<p class=\"preFade fadeIn\">Un beau cadeau pour apporter de la beaut\u00e9 \u00e0 quelqu&rsquo;un de sp\u00e9cial. Elles peuvent \u00eatre utilis\u00e9es au March\u00e9 le samedi, sur une commande de bouquet personnalis\u00e9 ou pour un abonnement Bouquet.<\/p>\n<p class=\"preFade fadeIn\">Nous pouvons envoyer une carte cadeau imprim\u00e9e directement au destinataire du cadeau avec une note expliquant votre g\u00e9n\u00e9reux cadeau si vous le souhaitez. Veuillez laisser une note lors de la v\u00e9rification si vous souhaitez que la carte soit envoy\u00e9e directement au destinataire et quelle adresse nous devons utiliser.<\/p>\n<p class=\"preFade fadeIn\">** Veuillez noter : nous n&rsquo;exp\u00e9dions pas de fleurs. N&rsquo;achetez une carte cadeau que si votre destinataire habite dans la r\u00e9gion de Richibucto\/Bouctouche ou s&rsquo;il est pr\u00eat \u00e0 s&rsquo;y d\u00e9placer. **<\/p>\n","protected":false},"excerpt":{"rendered":"<p>Un beau cadeau pour apporter de la beaut\u00e9 \u00e0 quelqu&rsquo;un de sp\u00e9cial. Elles peuvent \u00eatre utilis\u00e9es au March\u00e9 le samedi, sur une commande de bouquet personnalis\u00e9 ou pour un abonnement Bouquet.<\/p>\n","protected":false},"featured_media":699,"comment_status":"open","ping_status":"closed","template":"","meta":{"om_disable_all_campaigns":false,"_monsterinsights_skip_tracking":false,"_monsterinsights_sitenote_active":false,"_monsterinsights_sitenote_note":"","_monsterinsights_sitenote_category":0},"product_brand":[],"product_cat":[39],"product_tag":[48],"class_list":{"0":"post-940","1":"product","2":"type-product","3":"status-publish","4":"has-post-thumbnail","6":"product_cat-non-classifiee","7":"product_tag-carte","9":"first","10":"outofstock","11":"virtual","12":"purchasable","13":"product-type-simple"},"aioseo_notices":[],"jetpack_sharing_enabled":true,"_links":{"self":[{"href":"https:\/\/defleurenfleurs.ca\/fr\/wp-json\/wp\/v2\/product\/940","targetHints":{"allow":["GET"]}}],"collection":[{"href":"https:\/\/defleurenfleurs.ca\/fr\/wp-json\/wp\/v2\/product"}],"about":[{"href":"https:\/\/defleurenfleurs.ca\/fr\/wp-json\/wp\/v2\/types\/product"}],"replies":[{"embeddable":true,"href":"https:\/\/defleurenfleurs.ca\/fr\/wp-json\/wp\/v2\/comments?post=940"}],"wp:featuredmedia":[{"embeddable":true,"href":"https:\/\/defleurenfleurs.ca\/fr\/wp-json\/wp\/v2\/media\/699"}],"wp:attachment":[{"href":"https:\/\/defleurenfleurs.ca\/fr\/wp-json\/wp\/v2\/media?parent=940"}],"wp:term":[{"taxonomy":"product_brand","embeddable":true,"href":"https:\/\/defleurenfleurs.ca\/fr\/wp-json\/wp\/v2\/product_brand?post=940"},{"taxonomy":"product_cat","embeddable":true,"href":"https:\/\/defleurenfleurs.ca\/fr\/wp-json\/wp\/v2\/product_cat?post=940"},{"taxonomy":"product_tag","embeddable":true,"href":"https:\/\/defleurenfleurs.ca\/fr\/wp-json\/wp\/v2\/product_tag?post=940"}],"curies":[{"name":"wp","href":"https:\/\/api.w.org\/{rel}","templated":true}]}}