{"id":1387,"date":"2023-08-27T12:49:08","date_gmt":"2023-08-27T15:49:08","guid":{"rendered":"https:\/\/defleurenfleurs.ca\/?post_type=product&#038;p=1387"},"modified":"2026-03-01T12:48:59","modified_gmt":"2026-03-01T15:48:59","slug":"no-1-mai-juin-bouquet-bihebdomadaire","status":"publish","type":"product","link":"https:\/\/defleurenfleurs.ca\/fr\/produit\/no-1-mai-juin-bouquet-bihebdomadaire\/","title":{"rendered":"No. 1 Bouquet mai &amp; Juin &#8211; Bi-mensuel"},"content":{"rendered":"<p>Bouquet mai &amp; juin &#8211; Bi-mensuel &#8211; 4 Bouquets<\/p>\n<p>Abonnement 4 Bouquets &#8211; Date tentative du 14 mai tu 25 juin<\/p>\n<p>Receive a beautiful bouquet of flowers on a bi-weekly basis. Les premiers bouquets seront compos\u00e9s de tulipes de collection, suivis de fleurs de saison.<\/p>\n<p>Un magnifique bouquet printanier pour \u00e9gayer n&rsquo;importe quelle pi\u00e8ce !<\/p>\n<p>Les dates de livraison seront bas\u00e9es sur les itin\u00e9raires de livraison \u00e9tablis avant le d\u00e9but de la saison. Nous vous informerons du calendrier de livraison.<\/p>\n<p>Veuillez consulter la FAQ sur l&rsquo;abonnement au bouquet avant d&rsquo;acheter.<\/p>\n","protected":false},"excerpt":{"rendered":"<p>Abonnement bouquet mai &amp; juin &#8211; 4 bouquets<\/p>\n<p>Date tentative du 14 mai au 25 juion<\/p>\n","protected":false},"featured_media":1750,"comment_status":"open","ping_status":"closed","template":"","meta":{"om_disable_all_campaigns":false,"_monsterinsights_skip_tracking":false,"_monsterinsights_sitenote_active":false,"_monsterinsights_sitenote_note":"","_monsterinsights_sitenote_category":0},"product_brand":[],"product_cat":[39],"product_tag":[],"class_list":{"0":"post-1387","1":"product","2":"type-product","3":"status-publish","4":"has-post-thumbnail","6":"product_cat-non-classifiee","8":"first","9":"outofstock","10":"shipping-taxable","11":"purchasable","12":"product-type-simple"},"aioseo_notices":[],"jetpack_sharing_enabled":true,"_links":{"self":[{"href":"https:\/\/defleurenfleurs.ca\/fr\/wp-json\/wp\/v2\/product\/1387","targetHints":{"allow":["GET"]}}],"collection":[{"href":"https:\/\/defleurenfleurs.ca\/fr\/wp-json\/wp\/v2\/product"}],"about":[{"href":"https:\/\/defleurenfleurs.ca\/fr\/wp-json\/wp\/v2\/types\/product"}],"replies":[{"embeddable":true,"href":"https:\/\/defleurenfleurs.ca\/fr\/wp-json\/wp\/v2\/comments?post=1387"}],"wp:featuredmedia":[{"embeddable":true,"href":"https:\/\/defleurenfleurs.ca\/fr\/wp-json\/wp\/v2\/media\/1750"}],"wp:attachment":[{"href":"https:\/\/defleurenfleurs.ca\/fr\/wp-json\/wp\/v2\/media?parent=1387"}],"wp:term":[{"taxonomy":"product_brand","embeddable":true,"href":"https:\/\/defleurenfleurs.ca\/fr\/wp-json\/wp\/v2\/product_brand?post=1387"},{"taxonomy":"product_cat","embeddable":true,"href":"https:\/\/defleurenfleurs.ca\/fr\/wp-json\/wp\/v2\/product_cat?post=1387"},{"taxonomy":"product_tag","embeddable":true,"href":"https:\/\/defleurenfleurs.ca\/fr\/wp-json\/wp\/v2\/product_tag?post=1387"}],"curies":[{"name":"wp","href":"https:\/\/api.w.org\/{rel}","templated":true}]}}