{"id":1372,"date":"2023-08-22T12:33:38","date_gmt":"2023-08-22T15:33:38","guid":{"rendered":"https:\/\/defleurenfleurs.ca\/?post_type=product&#038;p=1372"},"modified":"2025-06-06T12:24:17","modified_gmt":"2025-06-06T15:24:17","slug":"arrangements-citrouilles","status":"publish","type":"product","link":"https:\/\/defleurenfleurs.ca\/fr\/produit\/arrangements-citrouilles\/","title":{"rendered":"Arrangement de citrouille &#8211; Option 1"},"content":{"rendered":"<p>Composition florale \u00e0 l&rsquo;int\u00e9rieur d&rsquo;une citrouille \u00e9vid\u00e9e<\/p>\n<p>La dur\u00e9e de vie en vase de la citrouille est d&rsquo;environ 2 semaines.<\/p>\n<p><em>Des frais de livraisons s&rsquo;appliquent selon la r\u00e9gion.<\/em><\/p>\n","protected":false},"excerpt":{"rendered":"<p>Composition florale \u00e0 l&rsquo;int\u00e9rieur d&rsquo;une citrouille \u00e9vid\u00e9e.<\/p>\n<p><em>Des frais de livraisons s&rsquo;appliquent.<\/em><\/p>\n","protected":false},"featured_media":1371,"comment_status":"open","ping_status":"closed","template":"","meta":{"om_disable_all_campaigns":false,"_monsterinsights_skip_tracking":false,"_monsterinsights_sitenote_active":false,"_monsterinsights_sitenote_note":"","_monsterinsights_sitenote_category":0},"product_brand":[],"product_cat":[39],"product_tag":[],"class_list":{"0":"post-1372","1":"product","2":"type-product","3":"status-publish","4":"has-post-thumbnail","6":"product_cat-non-classifiee","8":"first","9":"outofstock","10":"shipping-taxable","11":"purchasable","12":"product-type-simple"},"aioseo_notices":[],"jetpack_sharing_enabled":true,"_links":{"self":[{"href":"https:\/\/defleurenfleurs.ca\/fr\/wp-json\/wp\/v2\/product\/1372","targetHints":{"allow":["GET"]}}],"collection":[{"href":"https:\/\/defleurenfleurs.ca\/fr\/wp-json\/wp\/v2\/product"}],"about":[{"href":"https:\/\/defleurenfleurs.ca\/fr\/wp-json\/wp\/v2\/types\/product"}],"replies":[{"embeddable":true,"href":"https:\/\/defleurenfleurs.ca\/fr\/wp-json\/wp\/v2\/comments?post=1372"}],"wp:featuredmedia":[{"embeddable":true,"href":"https:\/\/defleurenfleurs.ca\/fr\/wp-json\/wp\/v2\/media\/1371"}],"wp:attachment":[{"href":"https:\/\/defleurenfleurs.ca\/fr\/wp-json\/wp\/v2\/media?parent=1372"}],"wp:term":[{"taxonomy":"product_brand","embeddable":true,"href":"https:\/\/defleurenfleurs.ca\/fr\/wp-json\/wp\/v2\/product_brand?post=1372"},{"taxonomy":"product_cat","embeddable":true,"href":"https:\/\/defleurenfleurs.ca\/fr\/wp-json\/wp\/v2\/product_cat?post=1372"},{"taxonomy":"product_tag","embeddable":true,"href":"https:\/\/defleurenfleurs.ca\/fr\/wp-json\/wp\/v2\/product_tag?post=1372"}],"curies":[{"name":"wp","href":"https:\/\/api.w.org\/{rel}","templated":true}]}}