{"id":1352,"date":"2023-08-16T20:14:48","date_gmt":"2023-08-16T23:14:48","guid":{"rendered":"https:\/\/defleurenfleurs.ca\/product\/couronne-de-noel-option-1\/"},"modified":"2023-12-10T12:48:38","modified_gmt":"2023-12-10T15:48:38","slug":"christmas-wreaths","status":"publish","type":"product","link":"https:\/\/defleurenfleurs.ca\/fr\/produit\/christmas-wreaths\/","title":{"rendered":"Couronne de No\u00ebl"},"content":{"rendered":"<p>Couronne de No\u00ebl fra\u00eeche fabriqu\u00e9e \u00e0 la main par nos soins \u00e0 partir de sapin baumier, avec quelques branches de c\u00e8dre et de pin ajout\u00e9es, le tout provenant de la ferme familiale d&rsquo;arbres de No\u00ebl. D\u00e9cor\u00e9 de c\u00f4nes et d&rsquo;un ruban. Choix de couleurs de ruban ci-dessous<\/p>\n<p>Pr\u00e9commandez votre couronne d\u00e8s aujourd&rsquo;hui. Livraison le mercredi 22 novembre 2024.<\/p>\n","protected":false},"excerpt":{"rendered":"<p>Couronne de No\u00ebl fra\u00eeche fabriqu\u00e9e \u00e0 la main par nos soins \u00e0 partir de sapin baumier, avec quelques branches de c\u00e8dre et de pin ajout\u00e9es, le tout provenant de la ferme familiale d&rsquo;arbres de No\u00ebl.<\/p>\n<p>D\u00e9cor\u00e9 de c\u00f4nes et d&rsquo;un ruban. Choix de couleurs de ruban ci-dessous.<\/p>\n<p>Pr\u00e9commandez votre couronne d\u00e8s aujourd&rsquo;hui.<\/p>\n","protected":false},"featured_media":1369,"comment_status":"open","ping_status":"closed","template":"","meta":{"om_disable_all_campaigns":false,"_monsterinsights_skip_tracking":false,"_monsterinsights_sitenote_active":false,"_monsterinsights_sitenote_note":"","_monsterinsights_sitenote_category":0},"product_brand":[],"product_cat":[60],"product_tag":[],"class_list":{"0":"post-1352","1":"product","2":"type-product","3":"status-publish","4":"has-post-thumbnail","6":"product_cat-couronnes","8":"first","9":"instock","10":"shipping-taxable","11":"purchasable","12":"product-type-variable"},"aioseo_notices":[],"jetpack_sharing_enabled":true,"_links":{"self":[{"href":"https:\/\/defleurenfleurs.ca\/fr\/wp-json\/wp\/v2\/product\/1352","targetHints":{"allow":["GET"]}}],"collection":[{"href":"https:\/\/defleurenfleurs.ca\/fr\/wp-json\/wp\/v2\/product"}],"about":[{"href":"https:\/\/defleurenfleurs.ca\/fr\/wp-json\/wp\/v2\/types\/product"}],"replies":[{"embeddable":true,"href":"https:\/\/defleurenfleurs.ca\/fr\/wp-json\/wp\/v2\/comments?post=1352"}],"wp:featuredmedia":[{"embeddable":true,"href":"https:\/\/defleurenfleurs.ca\/fr\/wp-json\/wp\/v2\/media\/1369"}],"wp:attachment":[{"href":"https:\/\/defleurenfleurs.ca\/fr\/wp-json\/wp\/v2\/media?parent=1352"}],"wp:term":[{"taxonomy":"product_brand","embeddable":true,"href":"https:\/\/defleurenfleurs.ca\/fr\/wp-json\/wp\/v2\/product_brand?post=1352"},{"taxonomy":"product_cat","embeddable":true,"href":"https:\/\/defleurenfleurs.ca\/fr\/wp-json\/wp\/v2\/product_cat?post=1352"},{"taxonomy":"product_tag","embeddable":true,"href":"https:\/\/defleurenfleurs.ca\/fr\/wp-json\/wp\/v2\/product_tag?post=1352"}],"curies":[{"name":"wp","href":"https:\/\/api.w.org\/{rel}","templated":true}]}}