{"id":1346,"date":"2023-08-16T19:55:16","date_gmt":"2023-08-16T22:55:16","guid":{"rendered":"https:\/\/defleurenfleurs.ca\/product\/plantes-de-pivoines\/"},"modified":"2023-11-05T13:16:45","modified_gmt":"2023-11-05T16:16:45","slug":"pivoines","status":"publish","type":"product","link":"https:\/\/defleurenfleurs.ca\/fr\/produit\/pivoines\/","title":{"rendered":"Plantes de pivoines"},"content":{"rendered":"<p>Chaque printemps, nous proposons \u00e0 la vente un nombre limit\u00e9 de plants de pivoines en pot. Ces plantes proviennent de la division de nos plantes matures et nous apportons \u00e9galement des plants racin\u00e9s de Hollande, des vari\u00e9t\u00e9s herbac\u00e9es, hybrides et Itoh. Les divisions sont plant\u00e9es et hivern\u00e9es, donc lorsque vous les achetez, elles ont d\u00e9j\u00e0 deux ou trois ans, les racines sont \u00e9tablies et les plantes ont des bourgeons. En r\u00e8gle g\u00e9n\u00e9rale, les pivoines sont vendues \u00e0 racines nues \u00e0 l\u2019automne avec 2 \u00e0 3 yeux, ce qui signifie que 2 \u00e0 3 tiges pousseront la premi\u00e8re ann\u00e9e. Lorsque vous les plantez, il faudra 2 \u00e0 3 ans pour qu\u2019elles fleurissent. Une plante de pivoine met 5 ans \u00e0 matur\u00e9e. Nos plantes en pot ont d\u00e9j\u00e0 2 ou 3 ans, elles sont plus grandes avec plus d&rsquo;yeux (tiges). \u200b Nous aimons les pivoines et nous souhaitons vendre des plantes qui vous permettront de fleurir plus rapidement en les pr\u00e9-cultivant pour vous. Il s\u2019agit d\u2019une m\u00e9thode plus avanc\u00e9e que l\u2019achat de racines nues \u00e0 l\u2019automne.<\/p>\n<p>Nous cultivons plus de 50 vari\u00e9t\u00e9s diff\u00e9rentes. Les herbac\u00e9es auront besoin de supports annulaires. Les hybrides et les itos moins, \u00e0 moins qu&rsquo;elles soient tr\u00e8s matures et que les fleurs deviennent \u00e9normes. Les Itoh fleurissent plus longtemps. Vous pouvez choisir parmi des vari\u00e9t\u00e9s \u00e0 floraison pr\u00e9coce, moyenne et tardive \u00e0 ajouter \u00e0 votre collection. Cela peut fournir des fleurs de mi-juin \u00e0 fin juillet. Une fois la floraison termin\u00e9e, les arbustes verts ajouteront de la texture \u00e0 votre paysage. Les pivoines sont tr\u00e8s rustiques.<\/p>\n<p>Chaque printemps, nous publions sur FB nos vari\u00e9t\u00e9s que nous aurons \u00e0 vendre. Veuillez nous envoyer un message si vous souhaitez \u00eatre inform\u00e9 de notre vente de pivoines.<\/p>\n","protected":false},"excerpt":{"rendered":"<p>Nous cultivons des pivoines depuis plus de 40 ans. Nous cultivons plus de 200 plantes r\u00e9parties dans 50 vari\u00e9t\u00e9s diff\u00e9rentes.<\/p>\n<p>La beaut\u00e9 de ces fleurs est fascinante ! Les pivoines sont un v\u00e9ritable spectacle, avec de belles fleurs en juillet. Apr\u00e8s floraison, ils forment un bel arbuste vert.<\/p>\n<p>Arbuste vivace tr\u00e8s rustique n\u00e9cessitant peu d&rsquo;entretien.<\/p>\n<p>Chaque printemps, nous proposons une quantit\u00e9 limit\u00e9e de pivoines en pot que vous pouvez ajouter \u00e0 votre jardin. Ces plantes proviennent de la division de nos plantes matures de notre propre stock et nous apportons \u00e9galement des plants racin\u00e9s de Hollande, des vari\u00e9t\u00e9s herbac\u00e9es et Itoh.<\/p>\n","protected":false},"featured_media":1201,"comment_status":"open","ping_status":"closed","template":"","meta":{"om_disable_all_campaigns":false,"_monsterinsights_skip_tracking":false,"_monsterinsights_sitenote_active":false,"_monsterinsights_sitenote_note":"","_monsterinsights_sitenote_category":0},"product_brand":[],"product_cat":[39],"product_tag":[],"class_list":{"0":"post-1346","1":"product","2":"type-product","3":"status-publish","4":"has-post-thumbnail","6":"product_cat-non-classifiee","8":"first","9":"outofstock","10":"shipping-taxable","11":"product-type-simple"},"aioseo_notices":[],"jetpack_sharing_enabled":true,"_links":{"self":[{"href":"https:\/\/defleurenfleurs.ca\/fr\/wp-json\/wp\/v2\/product\/1346","targetHints":{"allow":["GET"]}}],"collection":[{"href":"https:\/\/defleurenfleurs.ca\/fr\/wp-json\/wp\/v2\/product"}],"about":[{"href":"https:\/\/defleurenfleurs.ca\/fr\/wp-json\/wp\/v2\/types\/product"}],"replies":[{"embeddable":true,"href":"https:\/\/defleurenfleurs.ca\/fr\/wp-json\/wp\/v2\/comments?post=1346"}],"wp:featuredmedia":[{"embeddable":true,"href":"https:\/\/defleurenfleurs.ca\/fr\/wp-json\/wp\/v2\/media\/1201"}],"wp:attachment":[{"href":"https:\/\/defleurenfleurs.ca\/fr\/wp-json\/wp\/v2\/media?parent=1346"}],"wp:term":[{"taxonomy":"product_brand","embeddable":true,"href":"https:\/\/defleurenfleurs.ca\/fr\/wp-json\/wp\/v2\/product_brand?post=1346"},{"taxonomy":"product_cat","embeddable":true,"href":"https:\/\/defleurenfleurs.ca\/fr\/wp-json\/wp\/v2\/product_cat?post=1346"},{"taxonomy":"product_tag","embeddable":true,"href":"https:\/\/defleurenfleurs.ca\/fr\/wp-json\/wp\/v2\/product_tag?post=1346"}],"curies":[{"name":"wp","href":"https:\/\/api.w.org\/{rel}","templated":true}]}}