{"id":1344,"date":"2023-08-16T19:51:55","date_gmt":"2023-08-16T22:51:55","guid":{"rendered":"https:\/\/defleurenfleurs.ca\/product\/arrangements\/"},"modified":"2023-11-06T19:56:14","modified_gmt":"2023-11-06T22:56:14","slug":"arrangements","status":"publish","type":"product","link":"https:\/\/defleurenfleurs.ca\/fr\/produit\/arrangements\/","title":{"rendered":"Arrangements"},"content":{"rendered":"<p>Arrangements de fleurs &#8211; Petits et grands<\/p>\n<p>Nous avons de belles fleurs pour compl\u00e9ter tout type d\u2019arrangements dont vous pourriez avoir besoin. Que ce soit pour une occasion sp\u00e9ciale comme un anniversaire, un mariage ou pour montrer votre amour et votre soutien en p\u00e9riode de maladie ou de deuil, nous pouvons personnaliser nos arrangements, petits ou grands, pour r\u00e9pondre \u00e0 votre vision. Consultez notre galerie de photos ci-dessous de certains de nos arrangements que nous avons r\u00e9alis\u00e9s cette ann\u00e9e. Nous sommes reconnaissants \u00e0 tous ceux qui ont fait de nos fleurs une partie de leur vie. C&rsquo;est vraiment sp\u00e9cial pour nous.<\/p>\n<p>Contactez-nous pour en discuter.<\/p>\n","protected":false},"excerpt":{"rendered":"<p>Arrangements de fleurs &#8211; Petits et grands<\/p>\n","protected":false},"featured_media":1215,"comment_status":"open","ping_status":"closed","template":"","meta":{"om_disable_all_campaigns":false,"_monsterinsights_skip_tracking":false,"_monsterinsights_sitenote_active":false,"_monsterinsights_sitenote_note":"","_monsterinsights_sitenote_category":0},"product_brand":[],"product_cat":[39],"product_tag":[],"class_list":{"0":"post-1344","1":"product","2":"type-product","3":"status-publish","4":"has-post-thumbnail","6":"product_cat-non-classifiee","8":"first","9":"outofstock","10":"shipping-taxable","11":"product-type-simple"},"aioseo_notices":[],"jetpack_sharing_enabled":true,"_links":{"self":[{"href":"https:\/\/defleurenfleurs.ca\/fr\/wp-json\/wp\/v2\/product\/1344","targetHints":{"allow":["GET"]}}],"collection":[{"href":"https:\/\/defleurenfleurs.ca\/fr\/wp-json\/wp\/v2\/product"}],"about":[{"href":"https:\/\/defleurenfleurs.ca\/fr\/wp-json\/wp\/v2\/types\/product"}],"replies":[{"embeddable":true,"href":"https:\/\/defleurenfleurs.ca\/fr\/wp-json\/wp\/v2\/comments?post=1344"}],"wp:featuredmedia":[{"embeddable":true,"href":"https:\/\/defleurenfleurs.ca\/fr\/wp-json\/wp\/v2\/media\/1215"}],"wp:attachment":[{"href":"https:\/\/defleurenfleurs.ca\/fr\/wp-json\/wp\/v2\/media?parent=1344"}],"wp:term":[{"taxonomy":"product_brand","embeddable":true,"href":"https:\/\/defleurenfleurs.ca\/fr\/wp-json\/wp\/v2\/product_brand?post=1344"},{"taxonomy":"product_cat","embeddable":true,"href":"https:\/\/defleurenfleurs.ca\/fr\/wp-json\/wp\/v2\/product_cat?post=1344"},{"taxonomy":"product_tag","embeddable":true,"href":"https:\/\/defleurenfleurs.ca\/fr\/wp-json\/wp\/v2\/product_tag?post=1344"}],"curies":[{"name":"wp","href":"https:\/\/api.w.org\/{rel}","templated":true}]}}