{"id":1334,"date":"2023-08-16T18:21:22","date_gmt":"2023-08-16T21:21:22","guid":{"rendered":"https:\/\/defleurenfleurs.ca\/product\/bouquets\/"},"modified":"2023-12-13T08:29:49","modified_gmt":"2023-12-13T11:29:49","slug":"bouquets","status":"publish","type":"product","link":"https:\/\/defleurenfleurs.ca\/fr\/produit\/bouquets\/","title":{"rendered":"Bouquets"},"content":{"rendered":"<p>Envoyez l&rsquo;un de nos magnifiques bouquets hebdomadaires \u00e0 un proche ou faites-vous plaisir cette semaine pour illuminer votre journ\u00e9e. <span class=\"jCAhz ChMk0b\"><span class=\"ryNqvb\">Les tailles de chaque bouquet varient selon les saisons en fonction des fleurs disponibles, mais constitueront un bel arrangement luxuriant.<\/span><\/span> <span class=\"jCAhz ChMk0b\"><span class=\"ryNqvb\">Au d\u00e9but du printemps, nous offrirons nos belles tulipes, en \u00e9t\u00e9 nos \u00e9toiles comme les lisianthus, les lys et les zinnias ajoutent une beaut\u00e9 estivale, et nous terminons la saison avec nos tournesols et nos dahlias d\u00e9cadents.<\/span><\/span><\/p>\n<p>Bouquet standard. Le prix est de 30 $. Voir note sur les frais de livraison.<\/p>\n<p>Livraisons : Le prix comprend les livraisons dans les grandes r\u00e9gions de Richibuctou (St-Louis et Rexton) et dans la grande r\u00e9gion de Bouctouche (incluant Ste-Anne, Baie de Bouctouche et Ste-Marie) les mercredis et vendredis. Un suppl\u00e9ment de livraison suppl\u00e9mentaire de 5$ s&rsquo;appliquerait pour les livraisons les autres jours de la semaine pour les r\u00e9gions de Richibucto et de 10$ pour la r\u00e9gion de Bouctouche.<\/p>\n","protected":false},"excerpt":{"rendered":"<p>Bouquet standard.<\/p>\n","protected":false},"featured_media":1185,"comment_status":"open","ping_status":"closed","template":"","meta":{"om_disable_all_campaigns":false,"_monsterinsights_skip_tracking":false,"_monsterinsights_sitenote_active":false,"_monsterinsights_sitenote_note":"","_monsterinsights_sitenote_category":0},"product_brand":[],"product_cat":[39],"product_tag":[],"class_list":{"0":"post-1334","1":"product","2":"type-product","3":"status-publish","4":"has-post-thumbnail","6":"product_cat-non-classifiee","8":"first","9":"outofstock","10":"shipping-taxable","11":"purchasable","12":"product-type-simple"},"aioseo_notices":[],"jetpack_sharing_enabled":true,"_links":{"self":[{"href":"https:\/\/defleurenfleurs.ca\/fr\/wp-json\/wp\/v2\/product\/1334","targetHints":{"allow":["GET"]}}],"collection":[{"href":"https:\/\/defleurenfleurs.ca\/fr\/wp-json\/wp\/v2\/product"}],"about":[{"href":"https:\/\/defleurenfleurs.ca\/fr\/wp-json\/wp\/v2\/types\/product"}],"replies":[{"embeddable":true,"href":"https:\/\/defleurenfleurs.ca\/fr\/wp-json\/wp\/v2\/comments?post=1334"}],"wp:featuredmedia":[{"embeddable":true,"href":"https:\/\/defleurenfleurs.ca\/fr\/wp-json\/wp\/v2\/media\/1185"}],"wp:attachment":[{"href":"https:\/\/defleurenfleurs.ca\/fr\/wp-json\/wp\/v2\/media?parent=1334"}],"wp:term":[{"taxonomy":"product_brand","embeddable":true,"href":"https:\/\/defleurenfleurs.ca\/fr\/wp-json\/wp\/v2\/product_brand?post=1334"},{"taxonomy":"product_cat","embeddable":true,"href":"https:\/\/defleurenfleurs.ca\/fr\/wp-json\/wp\/v2\/product_cat?post=1334"},{"taxonomy":"product_tag","embeddable":true,"href":"https:\/\/defleurenfleurs.ca\/fr\/wp-json\/wp\/v2\/product_tag?post=1334"}],"curies":[{"name":"wp","href":"https:\/\/api.w.org\/{rel}","templated":true}]}}