{"id":988,"date":"2022-09-13T04:48:47","date_gmt":"2022-09-13T07:48:47","guid":{"rendered":"https:\/\/defleurenfleurs.ca\/blog\/"},"modified":"2023-09-03T22:40:14","modified_gmt":"2023-09-04T01:40:14","slug":"blog","status":"publish","type":"page","link":"https:\/\/defleurenfleurs.ca\/fr\/blog\/","title":{"rendered":"Blog"},"content":{"rendered":"\t\t<div data-elementor-type=\"wp-page\" data-elementor-id=\"988\" class=\"elementor elementor-988 elementor-531\" data-elementor-post-type=\"page\">\n\t\t\t\t<div class=\"elementor-element elementor-element-0d83622 e-flex e-con-boxed e-con e-parent\" data-id=\"0d83622\" data-element_type=\"container\" data-e-type=\"container\">\n\t\t\t\t\t<div class=\"e-con-inner\">\n\t\t\t\t<div class=\"elementor-element elementor-element-4631cb9 elementor-grid-3 elementor-grid-tablet-2 elementor-grid-mobile-1 elementor-posts--thumbnail-top elementor-widget elementor-widget-posts\" data-id=\"4631cb9\" data-element_type=\"widget\" data-e-type=\"widget\" data-settings=\"{&quot;classic_columns&quot;:&quot;3&quot;,&quot;classic_columns_tablet&quot;:&quot;2&quot;,&quot;classic_columns_mobile&quot;:&quot;1&quot;,&quot;classic_row_gap&quot;:{&quot;unit&quot;:&quot;px&quot;,&quot;size&quot;:35,&quot;sizes&quot;:[]},&quot;classic_row_gap_tablet&quot;:{&quot;unit&quot;:&quot;px&quot;,&quot;size&quot;:&quot;&quot;,&quot;sizes&quot;:[]},&quot;classic_row_gap_mobile&quot;:{&quot;unit&quot;:&quot;px&quot;,&quot;size&quot;:&quot;&quot;,&quot;sizes&quot;:[]}}\" data-widget_type=\"posts.classic\">\n\t\t\t\t<div class=\"elementor-widget-container\">\n\t\t\t\t\t\t\t<div class=\"elementor-posts-container elementor-posts elementor-posts--skin-classic elementor-grid\" role=\"list\">\n\t\t\t\t<article class=\"elementor-post elementor-grid-item post-1006 post type-post status-publish format-standard has-post-thumbnail hentry category-marche category-nouvelles\" role=\"listitem\">\n\t\t\t\t<a class=\"elementor-post__thumbnail__link\" href=\"https:\/\/defleurenfleurs.ca\/fr\/nos-pivoines-sont-pretes\/\" tabindex=\"-1\" >\n\t\t\t<div class=\"elementor-post__thumbnail\"><img fetchpriority=\"high\" decoding=\"async\" width=\"300\" height=\"251\" src=\"https:\/\/i0.wp.com\/defleurenfleurs.ca\/wp-content\/uploads\/2018\/02\/Peonies.jpg?fit=300%2C251&amp;ssl=1\" class=\"attachment-medium size-medium wp-image-910\" alt=\"\" srcset=\"https:\/\/i0.wp.com\/defleurenfleurs.ca\/wp-content\/uploads\/2018\/02\/Peonies.jpg?w=940&amp;ssl=1 940w, https:\/\/i0.wp.com\/defleurenfleurs.ca\/wp-content\/uploads\/2018\/02\/Peonies.jpg?resize=300%2C251&amp;ssl=1 300w, https:\/\/i0.wp.com\/defleurenfleurs.ca\/wp-content\/uploads\/2018\/02\/Peonies.jpg?resize=768%2C644&amp;ssl=1 768w, https:\/\/i0.wp.com\/defleurenfleurs.ca\/wp-content\/uploads\/2018\/02\/Peonies.jpg?resize=600%2C503&amp;ssl=1 600w\" sizes=\"(max-width: 300px) 100vw, 300px\" \/><\/div>\n\t\t<\/a>\n\t\t\t\t<div class=\"elementor-post__text\">\n\t\t\t\t<h3 class=\"elementor-post__title\">\n\t\t\t<a href=\"https:\/\/defleurenfleurs.ca\/fr\/nos-pivoines-sont-pretes\/\" >\n\t\t\t\tNos pivoines sont pr\u00eates!\t\t\t<\/a>\n\t\t<\/h3>\n\t\t\t\t<div class=\"elementor-post__meta-data\">\n\t\t\t\t\t<span class=\"elementor-post-date\">\n\t\t\t30 juin 2023\t\t<\/span>\n\t\t\t\t<span class=\"elementor-post-avatar\">\n\t\t\tAucun commentaire\t\t<\/span>\n\t\t\t\t<\/div>\n\t\t\t\t<div class=\"elementor-post__excerpt\">\n\t\t\t<p>Venez nous voir au March\u00e9 de fermier de Bouctouche!<\/p>\n\t\t<\/div>\n\t\t\n\t\t<a class=\"elementor-post__read-more\" href=\"https:\/\/defleurenfleurs.ca\/fr\/nos-pivoines-sont-pretes\/\" aria-label=\"En savoir plus sur Nos pivoines sont pr\u00eates!\" tabindex=\"-1\" >\n\t\t\tEn savoir plus \u00bb\t\t<\/a>\n\n\t\t\t\t<\/div>\n\t\t\t\t<\/article>\n\t\t\t\t<article class=\"elementor-post elementor-grid-item post-1005 post type-post status-publish format-standard has-post-thumbnail hentry category-cartes-cadeau\" role=\"listitem\">\n\t\t\t\t<a class=\"elementor-post__thumbnail__link\" href=\"https:\/\/defleurenfleurs.ca\/fr\/deja-essaye-de-cultiver-des-dhalias\/\" tabindex=\"-1\" >\n\t\t\t<div class=\"elementor-post__thumbnail\"><img decoding=\"async\" width=\"300\" height=\"251\" src=\"https:\/\/i0.wp.com\/defleurenfleurs.ca\/wp-content\/uploads\/2018\/02\/dhalias.jpg?fit=300%2C251&amp;ssl=1\" class=\"attachment-medium size-medium wp-image-913\" alt=\"\" srcset=\"https:\/\/i0.wp.com\/defleurenfleurs.ca\/wp-content\/uploads\/2018\/02\/dhalias.jpg?w=940&amp;ssl=1 940w, https:\/\/i0.wp.com\/defleurenfleurs.ca\/wp-content\/uploads\/2018\/02\/dhalias.jpg?resize=300%2C251&amp;ssl=1 300w, https:\/\/i0.wp.com\/defleurenfleurs.ca\/wp-content\/uploads\/2018\/02\/dhalias.jpg?resize=768%2C644&amp;ssl=1 768w, https:\/\/i0.wp.com\/defleurenfleurs.ca\/wp-content\/uploads\/2018\/02\/dhalias.jpg?resize=600%2C503&amp;ssl=1 600w\" sizes=\"(max-width: 300px) 100vw, 300px\" \/><\/div>\n\t\t<\/a>\n\t\t\t\t<div class=\"elementor-post__text\">\n\t\t\t\t<h3 class=\"elementor-post__title\">\n\t\t\t<a href=\"https:\/\/defleurenfleurs.ca\/fr\/deja-essaye-de-cultiver-des-dhalias\/\" >\n\t\t\t\tD\u00e9j\u00e0 essay\u00e9 de cultiver des dhalias?\t\t\t<\/a>\n\t\t<\/h3>\n\t\t\t\t<div class=\"elementor-post__meta-data\">\n\t\t\t\t\t<span class=\"elementor-post-date\">\n\t\t\t19 mai 2023\t\t<\/span>\n\t\t\t\t<span class=\"elementor-post-avatar\">\n\t\t\tAucun commentaire\t\t<\/span>\n\t\t\t\t<\/div>\n\t\t\t\t<div class=\"elementor-post__excerpt\">\n\t\t\t<p>Disponible au march\u00e9 fermier de Bouctouche. Venez nous rendre visite pour obtenir plus d&rsquo;informations!<\/p>\n\t\t<\/div>\n\t\t\n\t\t<a class=\"elementor-post__read-more\" href=\"https:\/\/defleurenfleurs.ca\/fr\/deja-essaye-de-cultiver-des-dhalias\/\" aria-label=\"En savoir plus sur D\u00e9j\u00e0 essay\u00e9 de cultiver des dhalias?\" tabindex=\"-1\" >\n\t\t\tEn savoir plus \u00bb\t\t<\/a>\n\n\t\t\t\t<\/div>\n\t\t\t\t<\/article>\n\t\t\t\t<\/div>\n\t\t\n\t\t\t\t\t\t<\/div>\n\t\t\t\t<\/div>\n\t\t\t\t\t<\/div>\n\t\t\t\t<\/div>\n\t\t\t\t<\/div>\n\t\t","protected":false},"excerpt":{"rendered":"","protected":false},"author":2,"featured_media":0,"parent":0,"menu_order":0,"comment_status":"closed","ping_status":"closed","template":"","meta":{"om_disable_all_campaigns":false,"_monsterinsights_skip_tracking":false,"_monsterinsights_sitenote_active":false,"_monsterinsights_sitenote_note":"","_monsterinsights_sitenote_category":0,"footnotes":""},"class_list":["post-988","page","type-page","status-publish","hentry"],"aioseo_notices":[],"jetpack_sharing_enabled":true,"_links":{"self":[{"href":"https:\/\/defleurenfleurs.ca\/fr\/wp-json\/wp\/v2\/pages\/988","targetHints":{"allow":["GET"]}}],"collection":[{"href":"https:\/\/defleurenfleurs.ca\/fr\/wp-json\/wp\/v2\/pages"}],"about":[{"href":"https:\/\/defleurenfleurs.ca\/fr\/wp-json\/wp\/v2\/types\/page"}],"author":[{"embeddable":true,"href":"https:\/\/defleurenfleurs.ca\/fr\/wp-json\/wp\/v2\/users\/2"}],"replies":[{"embeddable":true,"href":"https:\/\/defleurenfleurs.ca\/fr\/wp-json\/wp\/v2\/comments?post=988"}],"version-history":[{"count":4,"href":"https:\/\/defleurenfleurs.ca\/fr\/wp-json\/wp\/v2\/pages\/988\/revisions"}],"predecessor-version":[{"id":1288,"href":"https:\/\/defleurenfleurs.ca\/fr\/wp-json\/wp\/v2\/pages\/988\/revisions\/1288"}],"wp:attachment":[{"href":"https:\/\/defleurenfleurs.ca\/fr\/wp-json\/wp\/v2\/media?parent=988"}],"curies":[{"name":"wp","href":"https:\/\/api.w.org\/{rel}","templated":true}]}}