{"id":984,"date":"2022-09-13T04:08:23","date_gmt":"2022-09-13T07:08:23","guid":{"rendered":"https:\/\/defleurenfleurs.ca\/faq\/"},"modified":"2023-10-11T21:31:35","modified_gmt":"2023-10-12T00:31:35","slug":"faq","status":"publish","type":"page","link":"https:\/\/defleurenfleurs.ca\/fr\/faq\/","title":{"rendered":"FAQ"},"content":{"rendered":"\t\t<div data-elementor-type=\"wp-page\" data-elementor-id=\"984\" class=\"elementor elementor-984 elementor-22\" data-elementor-post-type=\"page\">\n\t\t\t\t<div class=\"elementor-element elementor-element-1f8f487 e-con-full e-flex e-con e-parent\" data-id=\"1f8f487\" data-element_type=\"container\" data-e-type=\"container\">\n\t\t\t\t<div class=\"elementor-element elementor-element-4596609 elementor-widget elementor-widget-text-editor\" data-id=\"4596609\" data-element_type=\"widget\" data-e-type=\"widget\" data-widget_type=\"text-editor.default\">\n\t\t\t\t<div class=\"elementor-widget-container\">\n\t\t\t\t\t\t\t\t\t<p>Puis-je visiter votre ferme ?<\/p>\n\t\t\t\t\t\t\t\t<\/div>\n\t\t\t\t<\/div>\n\t\t\t\t<\/div>\n\t\t<div class=\"elementor-element elementor-element-95abdf6 e-flex e-con-boxed e-con e-parent\" data-id=\"95abdf6\" data-element_type=\"container\" data-e-type=\"container\">\n\t\t\t\t\t<div class=\"e-con-inner\">\n\t\t\t\t<div class=\"elementor-element elementor-element-d3a3f04 elementor-widget elementor-widget-text-editor\" data-id=\"d3a3f04\" data-element_type=\"widget\" data-e-type=\"widget\" data-widget_type=\"text-editor.default\">\n\t\t\t\t<div class=\"elementor-widget-container\">\n\t\t\t\t\t\t\t\t\t<p>Nos jardins de fleurs ne sont pas ouverts au public. Nous aimerions que nos clients viennent nous rendre visite quand ils le souhaitent, mais ce n&rsquo;est pas possible car nous cultivons commercialement et nous ne sommes pas \u00e9quip\u00e9s pour accueillir des visiteurs. Au fur et \u00e0 mesure que nos jardins se d\u00e9veloppent, nous pr\u00e9voyons d&rsquo;organiser une journ\u00e9e portes ouvertes \u00e0 laquelle seront convi\u00e9s nos clients fleuristes.<\/p>\n\t\t\t\t\t\t\t\t<\/div>\n\t\t\t\t<\/div>\n\t\t\t\t\t<\/div>\n\t\t\t\t<\/div>\n\t\t<div class=\"elementor-element elementor-element-79cef34 e-con-full e-flex e-con e-parent\" data-id=\"79cef34\" data-element_type=\"container\" data-e-type=\"container\">\n\t\t\t\t<div class=\"elementor-element elementor-element-04292ad elementor-widget elementor-widget-text-editor\" data-id=\"04292ad\" data-element_type=\"widget\" data-e-type=\"widget\" data-widget_type=\"text-editor.default\">\n\t\t\t\t<div class=\"elementor-widget-container\">\n\t\t\t\t\t\t\t\t\t<p>Vos fleurs sont-elles cultiv\u00e9es de mani\u00e8re biologique ?<\/p>\n\t\t\t\t\t\t\t\t<\/div>\n\t\t\t\t<\/div>\n\t\t\t\t<\/div>\n\t\t<div class=\"elementor-element elementor-element-f55529a e-flex e-con-boxed e-con e-parent\" data-id=\"f55529a\" data-element_type=\"container\" data-e-type=\"container\">\n\t\t\t\t\t<div class=\"e-con-inner\">\n\t\t\t\t<div class=\"elementor-element elementor-element-98c0358 elementor-widget elementor-widget-text-editor\" data-id=\"98c0358\" data-element_type=\"widget\" data-e-type=\"widget\" data-widget_type=\"text-editor.default\">\n\t\t\t\t<div class=\"elementor-widget-container\">\n\t\t\t\t\t\t\t\t\t<p>La culture de fleurs dans de petites exploitations agricoles va de pair avec le respect de l&rsquo;environnement. Bien que nos jardins ne soient pas certifi\u00e9s biologiques, nous croyons fermement \u00e0 la culture en harmonie avec la nature et \u00e0 l&rsquo;utilisation de pratiques naturelles de lutte int\u00e9gr\u00e9e contre les ravageurs. Nous aimons les fleurs et la nature, et nous voulons pouvoir produire des fleurs en tenant compte du fait que nous buvons \u00e9galement l&rsquo;eau de nos puits et que nous vivons sur les terres o\u00f9 nous cultivons nos fleurs. Nos pratiques naturelles consistent \u00e0 cultiver des fleurs suppl\u00e9mentaires pour les partager avec les insectes, la m\u00e9thode \u00ab\u00a0squoosh\u00a0\u00bb, le \u00ab\u00a0slug run\u00a0\u00bb (ramassage des limaces), les app\u00e2ts naturels, nous encourageons les insectes b\u00e9n\u00e9fiques et les habitats d&rsquo;oiseaux \u00e0 nous aider et surtout nous couvrons une grande partie de nos dahlias avec des sacs d&rsquo;organza lorsque des probl\u00e8mes se posent, mais en gardant toujours \u00e0 l&rsquo;esprit que nous devons garder beaucoup de fleurs ouvertes pour les abeilles, les papillons et d&rsquo;autres insectes. Nous sommes habitu\u00e9s \u00e0 travailler avec le bourdonnement des abeilles en permanence dans nos oreilles, ce qui nous oblige souvent \u00e0 porter des manches longues car elles ont tendance \u00e0 r\u00e9gner sur les parcelles de fleurs. Nos ann\u00e9es d&rsquo;exp\u00e9rience dans la culture des fleurs et l&rsquo;exp\u00e9rience de Marc, qui a fait des \u00e9tudes approfondies en horticulture, ont \u00e9t\u00e9 des atouts consid\u00e9rables dans notre entreprise. Nous croyons fermement que nous pouvons cr\u00e9er un meilleur sol et mettre en place des pratiques durables tout en cultivant de belles fleurs.<\/p>\n\t\t\t\t\t\t\t\t<\/div>\n\t\t\t\t<\/div>\n\t\t\t\t\t<\/div>\n\t\t\t\t<\/div>\n\t\t<div class=\"elementor-element elementor-element-aaee994 e-con-full e-flex e-con e-parent\" data-id=\"aaee994\" data-element_type=\"container\" data-e-type=\"container\">\n\t\t\t\t<div class=\"elementor-element elementor-element-7986144 elementor-widget elementor-widget-text-editor\" data-id=\"7986144\" data-element_type=\"widget\" data-e-type=\"widget\" data-widget_type=\"text-editor.default\">\n\t\t\t\t<div class=\"elementor-widget-container\">\n\t\t\t\t\t\t\t\t\t<p>FAQ sur l&rsquo;abonnement au bouquet et conditions g\u00e9n\u00e9rales<\/p>\n\t\t\t\t\t\t\t\t<\/div>\n\t\t\t\t<\/div>\n\t\t\t\t<\/div>\n\t\t<div class=\"elementor-element elementor-element-db08494 e-flex e-con-boxed e-con e-parent\" data-id=\"db08494\" data-element_type=\"container\" data-e-type=\"container\">\n\t\t\t\t\t<div class=\"e-con-inner\">\n\t\t\t\t<div class=\"elementor-element elementor-element-0ffd239 elementor-widget elementor-widget-text-editor\" data-id=\"0ffd239\" data-element_type=\"widget\" data-e-type=\"widget\" data-widget_type=\"text-editor.default\">\n\t\t\t\t<div class=\"elementor-widget-container\">\n\t\t\t\t\t\t\t\t\t<p>Nous proposons des abonnements de bouquets bihebdomadaires et hebdomadaires. Nos bouquets de fleurs sont livr\u00e9s \u00e0 domicile. Nous desservons les r\u00e9gions de St-Louis, Richibucto, Rexton, Ste-Anne et Bouctouche. Les bouquets peuvent \u00e9galement \u00eatre ramass\u00e9s au march\u00e9 des fermiers de Bouctouche le samedi. Veuillez v\u00e9rifier avec nous si nous pouvons livrer \u00e0 votre domicile.<\/p>\n<p>Vous pouvez vous inscrire pour un mois ou plus, ou pour la saison compl\u00e8te qui s&rsquo;\u00e9tend de mai \u00e0 mi-septembre. Les membres de la saison compl\u00e8te b\u00e9n\u00e9ficient de r\u00e9ductions sur certains de nos produits et obtiennent des bouquets bonus suppl\u00e9mentaires tout au long de la saison.<\/p>\n<p id=\"yui_3_17_2_1_1691320487777_470\" class=\"preFade fadeIn\"><strong>Paiement<\/strong>: Les bouquets d&rsquo;abonnement doivent \u00eatre pay\u00e9s \u00e0 l&rsquo;avance. Une option de paiement sur une p\u00e9riode de 3 mois est \u00e9galement disponible. Votre paiement garantira votre abonnement. Cela permet d&rsquo;aider les producteurs locaux \u00e0 faire face aux d\u00e9penses anticip\u00e9es qu&rsquo;ils encourent pour la saison de croissance en fonction du nombre de membres.<\/p>\n<p class=\"preFade fadeIn\"><strong>Date de d\u00e9but :<\/strong>L&rsquo;abonn\u00e9 bihebdomadaire se verra attribuer une date de d\u00e9but au cours du premier mois, en fonction du volume que nous pouvons traiter.<\/p>\n<p><strong>Que se passe-t-il si je ne suis pas chez moi la semaine de l&rsquo;accouchement ? :  <\/strong>Vous pouvez demander \u00e0 une autre personne de prendre en charge votre abonnement. Nous vous demandons de les informer des modalit\u00e9s de livraison. En raison de la nature de nos produits et de notre calendrier de production, nous ne pourrons malheureusement pas pr\u00e9parer un bouquet suppl\u00e9mentaire pour vous la semaine suivante si vous \u00eates absent, mais nous pouvons parfois le faire si notre production le permet. V\u00e9rifiez \u00e0 l&rsquo;avance aupr\u00e8s de nous si cela est possible. Les bouquets non livr\u00e9s seront donn\u00e9s \u00e0 des maisons de retraite locales ou \u00e0 une personne \u00e2g\u00e9e, \u00e0 la discr\u00e9tion du producteur.<\/p>\n<p><strong>Conditions g\u00e9n\u00e9rales de nos abonnements aux bouquets :<\/strong> Les conditions g\u00e9n\u00e9rales de nos abonnements aux bouquets vous seront envoy\u00e9es par courrier \u00e9lectronique lors de votre inscription.<\/p>\n\t\t\t\t\t\t\t\t<\/div>\n\t\t\t\t<\/div>\n\t\t\t\t\t<\/div>\n\t\t\t\t<\/div>\n\t\t\t\t<\/div>\n\t\t","protected":false},"excerpt":{"rendered":"<p>Puis-je visiter votre ferme ? Nos jardins de fleurs ne sont pas ouverts au public. Nous aimerions que nos clients viennent nous rendre visite quand ils le souhaitent, mais ce [&hellip;]<\/p>\n","protected":false},"author":2,"featured_media":0,"parent":0,"menu_order":0,"comment_status":"closed","ping_status":"closed","template":"","meta":{"om_disable_all_campaigns":false,"_monsterinsights_skip_tracking":false,"_monsterinsights_sitenote_active":false,"_monsterinsights_sitenote_note":"","_monsterinsights_sitenote_category":0,"footnotes":""},"class_list":["post-984","page","type-page","status-publish","hentry"],"aioseo_notices":[],"jetpack_sharing_enabled":true,"_links":{"self":[{"href":"https:\/\/defleurenfleurs.ca\/fr\/wp-json\/wp\/v2\/pages\/984","targetHints":{"allow":["GET"]}}],"collection":[{"href":"https:\/\/defleurenfleurs.ca\/fr\/wp-json\/wp\/v2\/pages"}],"about":[{"href":"https:\/\/defleurenfleurs.ca\/fr\/wp-json\/wp\/v2\/types\/page"}],"author":[{"embeddable":true,"href":"https:\/\/defleurenfleurs.ca\/fr\/wp-json\/wp\/v2\/users\/2"}],"replies":[{"embeddable":true,"href":"https:\/\/defleurenfleurs.ca\/fr\/wp-json\/wp\/v2\/comments?post=984"}],"version-history":[{"count":2,"href":"https:\/\/defleurenfleurs.ca\/fr\/wp-json\/wp\/v2\/pages\/984\/revisions"}],"predecessor-version":[{"id":1677,"href":"https:\/\/defleurenfleurs.ca\/fr\/wp-json\/wp\/v2\/pages\/984\/revisions\/1677"}],"wp:attachment":[{"href":"https:\/\/defleurenfleurs.ca\/fr\/wp-json\/wp\/v2\/media?parent=984"}],"curies":[{"name":"wp","href":"https:\/\/api.w.org\/{rel}","templated":true}]}}