{"id":980,"date":"2022-09-13T04:06:37","date_gmt":"2022-09-13T07:06:37","guid":{"rendered":"https:\/\/defleurenfleurs.ca\/a-propos-de-nous\/"},"modified":"2023-10-31T21:26:57","modified_gmt":"2023-11-01T00:26:57","slug":"a-propos-de-nous","status":"publish","type":"page","link":"https:\/\/defleurenfleurs.ca\/fr\/a-propos-de-nous\/","title":{"rendered":"\u00c0 propos de nous"},"content":{"rendered":"\t\t<div data-elementor-type=\"wp-page\" data-elementor-id=\"980\" class=\"elementor elementor-980 elementor-18\" data-elementor-post-type=\"page\">\n\t\t\t\t\t\t<section class=\"elementor-section elementor-top-section elementor-element elementor-element-23b2bc8b elementor-section-boxed elementor-section-height-default elementor-section-height-default\" data-id=\"23b2bc8b\" data-element_type=\"section\" data-e-type=\"section\">\n\t\t\t\t\t\t<div class=\"elementor-container elementor-column-gap-default\">\n\t\t\t\t\t<div class=\"elementor-column elementor-col-100 elementor-top-column elementor-element elementor-element-30a8630a\" data-id=\"30a8630a\" data-element_type=\"column\" data-e-type=\"column\">\n\t\t\t<div class=\"elementor-widget-wrap elementor-element-populated\">\n\t\t\t\t\t\t<div class=\"elementor-element elementor-element-454b336d elementor-widget elementor-widget-text-editor\" data-id=\"454b336d\" data-element_type=\"widget\" data-e-type=\"widget\" data-widget_type=\"text-editor.default\">\n\t\t\t\t<div class=\"elementor-widget-container\">\n\t\t\t\t\t\t\t\t\t<div class=\"wp-block-group alignfull\" style=\"padding: 0px;\">\n<div class=\"wp-block-group alignfull has-background-secondary-background-color has-background\" style=\"padding: 20px 20px 20px 20px;\">\n<div class=\"wp-block-columns alignwide\">\n<div class=\"wp-block-column\">\n<div class=\"wp-block-group animated animated-fadeInUp\">\n<figure class=\"wp-block-image size-full no-margin\" style=\"border-radius: 0px;\">\n<div class=\"wp-block-group alignwide\">\n<p>De Fleur en Fleurs est un partenariat de deux petites fermes familiales de fleurs coup\u00e9es sp\u00e9cialis\u00e9es situ\u00e9es \u00e0 Mundleville et \u00e0 St-Charles, au Nouveau-Brunswick. Un partenariat amusant entre deux cousines, Alice et Norma, qui ont su \u00e9laborer une approche coop\u00e9rative pour faire pousser des fleurs ensemble et se compl\u00e9ter en partageant ce voyage floral. Entre nous, nous cultivons d\u00e9sormais plus de 15 000 plantes compos\u00e9es de plus de 60 cultivars diff\u00e9rents couvrant plus de 250 vari\u00e9t\u00e9s de formes et de couleurs.<\/p>\n<p>Nous sommes sp\u00e9cialis\u00e9s dans la culture de ces vari\u00e9t\u00e9s de fleurs uniques qui vous fourniront des fleurs fra\u00eeches chaque semaine \u00e0 ch\u00e9rir, pour apaiser l&rsquo;\u00e2me, pour apporter du r\u00e9confort et\/ou inspirer le bonheur, une fleur \u00e0 la fois.<\/p>\n<p>Nous sommes fiers d&rsquo;\u00eatre membres de l&rsquo;Association des producteurs de fleurs coup\u00e9es sp\u00e9cialis\u00e9es (ASCFG). Une association qui soutient les producteurs commerciaux de fleurs coup\u00e9es en leur fournissant des informations sur la production et la commercialisation et qui soutient la recherche en floriculture.<\/p>\n<\/div>\n<\/figure>\n<\/div>\n<\/div>\n<\/div>\n<\/div>\n<\/div>\n\t\t\t\t\t\t\t\t<\/div>\n\t\t\t\t<\/div>\n\t\t\t\t\t<\/div>\n\t\t<\/div>\n\t\t\t\t\t<\/div>\n\t\t<\/section>\n\t\t\t\t<section class=\"elementor-section elementor-top-section elementor-element elementor-element-00fc23a elementor-section-boxed elementor-section-height-default elementor-section-height-default\" data-id=\"00fc23a\" data-element_type=\"section\" data-e-type=\"section\">\n\t\t\t\t\t\t<div class=\"elementor-container elementor-column-gap-default\">\n\t\t\t\t\t<div class=\"elementor-column elementor-col-100 elementor-top-column elementor-element elementor-element-15a69fd\" data-id=\"15a69fd\" data-element_type=\"column\" data-e-type=\"column\">\n\t\t\t<div class=\"elementor-widget-wrap elementor-element-populated\">\n\t\t\t\t\t\t<div class=\"elementor-element elementor-element-c27b861 elementor-widget elementor-widget-text-editor\" data-id=\"c27b861\" data-element_type=\"widget\" data-e-type=\"widget\" data-widget_type=\"text-editor.default\">\n\t\t\t\t<div class=\"elementor-widget-container\">\n\t\t\t\t\t\t\t\t\t<div class=\"wp-block-group alignfull\" style=\"padding: 0px;\">\n<div class=\"wp-block-group alignfull has-background-secondary-background-color has-background\" style=\"padding: 20px 20px 20px 20px;\">\n<div class=\"wp-block-columns alignwide\">\n<div class=\"wp-block-column\">\n<div class=\"wp-block-group animated animated-fadeInUp\">\n<figure class=\"wp-block-image size-full no-margin\" style=\"border-radius: 0px;\"><img fetchpriority=\"high\" decoding=\"async\" data-recalc-dims=\"1\" class=\"alignleft wp-image-1092\" src=\"https:\/\/i0.wp.com\/defleurenfleurs.ca\/wp-content\/uploads\/2023\/08\/image1_3.jpeg?resize=400%2C360&#038;ssl=1\" alt=\"\" width=\"400\" height=\"360\" srcset=\"https:\/\/i0.wp.com\/defleurenfleurs.ca\/wp-content\/uploads\/2023\/08\/image1_3.jpeg?w=320&amp;ssl=1 320w, https:\/\/i0.wp.com\/defleurenfleurs.ca\/wp-content\/uploads\/2023\/08\/image1_3.jpeg?resize=300%2C270&amp;ssl=1 300w\" sizes=\"(max-width: 400px) 100vw, 400px\" \/><\/figure>\n<\/div>\n<\/div>\n<div class=\"wp-block-column is-vertically-aligned-center\" style=\"padding-top: 0px; padding-right: 40px; padding-left: 40px;\">\n<div class=\"wp-block-group alignwide\">\n<h2 class=\"animated animated-fadeInUp has-slider-title-font-size\" style=\"line-height: 1.2;\">Marcel &amp; Norma<\/h2>\n<p class=\"has-system-font-family\">Notre petite parcelle de fleurs est situ\u00e9e \u00e0 Mundleville, au Nouveau-Brunswick, nich\u00e9e parmi les arbres sur les rives de la rivi\u00e8re Richibucto, la \u00ab\u00a0rivi\u00e8re de feu\u00a0\u00bb. J&rsquo;ai toujours aim\u00e9 les fleurs, depuis que j&rsquo;aidais maman et papa quand j&rsquo;\u00e9tais tr\u00e8s jeune, avec les dahlias et les fleurs, jusqu&rsquo;\u00e0 l&rsquo;agrandissement de mes propres plates-bandes de plantes vivaces et \u00e9galement en travaillant avec des jardineries. Au fil des ann\u00e9es, j\u2019ai continu\u00e9 \u00e0 planter de plus en plus de plantes vivaces, avec une pr\u00e9dilection particuli\u00e8re pour les pivoines. Mon amour pour les pivoines remonte \u00e0 plus de 50 ans, depuis une vari\u00e9t\u00e9 ancestrale cultiv\u00e9e chez mes parents jusqu&rsquo;\u00e0 mon adh\u00e9sion \u00e0 l&rsquo;Association canadienne des pivoines et ma participation aux festivals de pivoines. Partout o\u00f9 j&rsquo;ai d\u00e9m\u00e9nag\u00e9, une division de cette plante de pivoine a suivi. En 2017, nous avons plant\u00e9 nos 140 premi\u00e8res racines de pivoines en r\u00eavant que dans quatre ans, nous pourrions produire de belles pivoines pour le march\u00e9 local. Beaucoup d\u2019investissement, de travail et de sueur pour un r\u00eave fou \u00e0 l\u2019\u00e9poque.<\/p>\n<p class=\"has-text-align-center has-system-font-family\"><strong>Cultiver le local<\/strong><\/p>\nDepuis notre premi\u00e8re plantation de pivoines, nous avons travaill\u00e9 \u00e0 conditionner le terrain, men\u00e9 des essais floraux, demand\u00e9 conseil \u00e0 des floriculteurs chevronn\u00e9s, appris \u00e0 travailler en harmonie avec M\u00e8re Nature lorsqu&rsquo;il s&rsquo;agit de cultiver des fleurs sp\u00e9cifiques pour les bouquets, peaufin\u00e9 nos techniques de culture. et s\u00e9lectionnons soigneusement les vari\u00e9t\u00e9s qui produiront de la beaut\u00e9 chaque semaine et cr\u00e9eront des sourires. En 2021, nous \u00e9tions pr\u00eats \u00e0 creuser plus profond\u00e9ment dans un sol riche et \u00e0 commencer \u00e0 produire des fleurs coup\u00e9es sp\u00e9cialis\u00e9es \u00e0 plus grande \u00e9chelle. Nous coproduisons d\u00e9sormais avec ma cousine Alice, un tr\u00e8s beau partenariat qui nous permet non seulement de cultiver davantage, mais aussi de nous sp\u00e9cialiser et de nous concentrer individuellement dans la culture de fleurs sp\u00e9cifiques, ce qui nous donne la possibilit\u00e9 de vous proposer davantage de s\u00e9lections de fleurs. M\u00eame si nous cultivons tous deux la plupart des vari\u00e9t\u00e9s, nous cultivons nos propres sp\u00e9cialit\u00e9s. Alice est celle qui se sp\u00e9cialise dans la culture des tulipes, des alliums et des gla\u00efeuls tandis que moi, je me concentre sur les pivoines, les lys et les dahlias. Je crois fermement que chaque fleur a besoin de son temps pour briller et nous planifions donc nos semis et notre saison de mani\u00e8re \u00e0 avoir continuellement des fleurs qui commencent \u00e0 fleurir \u00e0 diff\u00e9rents moments de la saison afin de fournir une vari\u00e9t\u00e9 de s\u00e9lection et de couleurs.\n<p class=\"has-system-font-family\">Ce voyage floral a commenc\u00e9 avec une fleur de pivoine, \u00ab une fleur \u00bb, et maintenant que nous cultivons des milliers de plantes chaque ann\u00e9e de toutes formes et couleurs, j&rsquo;ai d\u00e9couvert que j&rsquo;aime chacune d&rsquo;entre elles, car elles ont toutes une beaut\u00e9 unique. Je dois admettre qu&rsquo;il y a des jours o\u00f9 j&rsquo;oublie de regarder leur beaut\u00e9, car en tant que cultivateur, on se concentre souvent et on s&rsquo;inqui\u00e8te de la temp\u00e9rature, de l&rsquo;arrosage, de la pression des insectes ou des maladies, du calendrier et de la r\u00e9colte, mais c&rsquo;est quand je prends du recul et vois le r\u00e9sultat final. cela donne des bouquets ou un arrangement qu&rsquo;Alice et moi venons de faire, et je suis impressionn\u00e9 chaque semaine et je compte chaque jour mes b\u00e9n\u00e9dictions parce que nous les avons r\u00e9ellement cultiv\u00e9s.<\/p>\n\n<\/div>\n<\/div>\n<\/div>\n<\/div>\n<\/div>\t\t\t\t\t\t\t\t<\/div>\n\t\t\t\t<\/div>\n\t\t\t\t\t<\/div>\n\t\t<\/div>\n\t\t\t\t\t<\/div>\n\t\t<\/section>\n\t\t\t\t<section class=\"elementor-section elementor-top-section elementor-element elementor-element-4ab6d37 elementor-section-boxed elementor-section-height-default elementor-section-height-default\" data-id=\"4ab6d37\" data-element_type=\"section\" data-e-type=\"section\">\n\t\t\t\t\t\t<div class=\"elementor-container elementor-column-gap-default\">\n\t\t\t\t\t<div class=\"elementor-column elementor-col-100 elementor-top-column elementor-element elementor-element-07c2a4c\" data-id=\"07c2a4c\" data-element_type=\"column\" data-e-type=\"column\">\n\t\t\t<div class=\"elementor-widget-wrap elementor-element-populated\">\n\t\t\t\t\t\t<div class=\"elementor-element elementor-element-16ae98e elementor-widget elementor-widget-text-editor\" data-id=\"16ae98e\" data-element_type=\"widget\" data-e-type=\"widget\" data-widget_type=\"text-editor.default\">\n\t\t\t\t<div class=\"elementor-widget-container\">\n\t\t\t\t\t\t\t\t\t<div class=\"wp-block-group alignfull\" style=\"padding: 0px;\"><div class=\"wp-block-group alignfull has-background-secondary-background-color has-background\" style=\"padding: 20px 20px 20px 20px;\"><div class=\"wp-block-columns alignwide\"><div class=\"wp-block-column\"><div class=\"wp-block-group animated animated-fadeInUp\"><figure class=\"wp-block-image size-full no-margin\" style=\"border-radius: 0px;\"><img decoding=\"async\" data-recalc-dims=\"1\" class=\"alignnone size-medium wp-image-1718\" src=\"https:\/\/i0.wp.com\/defleurenfleurs.ca\/wp-content\/uploads\/2023\/10\/Mart-et-Alice.jpeg?resize=225%2C300&#038;ssl=1\" alt=\"\" width=\"225\" height=\"300\" \/><\/figure><\/div><\/div><div class=\"wp-block-column is-vertically-aligned-center\" style=\"padding-top: 0px; padding-right: 40px; padding-left: 40px;\"><div class=\"wp-block-group alignwide\"><h2 class=\"animated animated-fadeInUp has-slider-title-font-size\" style=\"line-height: 1.2;\">Marc et Alice<\/h2><p>Un ami tr\u00e8s sp\u00e9cial m&rsquo;a dit un jour \u00ab Une fleur ouvre le c\u0153ur \u00bb. Cela a \u00e9t\u00e9 ma passion et ma volont\u00e9 de cultiver des fleurs coup\u00e9es sp\u00e9cialis\u00e9es. Marc et moi vivons \u00e0 St-Charles, une belle petite communaut\u00e9 rurale. Notre terrain se trouve \u00e9galement au bord de la rivi\u00e8re, ce qui offre une fluctuation climatique plus mod\u00e9r\u00e9e et nous aide \u00e0 fournir des produits de qualit\u00e9 chaque semaine. J&rsquo;ai toujours aim\u00e9 les fleurs, mais j&rsquo;ai \u00e9t\u00e9 vraiment inspir\u00e9 par ma belle-m\u00e8re, Anita, car elle avait plusieurs parterres de fleurs et les couleurs \u00e9taient absolument magnifiques. Elle cultivait principalement des plantes vivaces et a eu la gentillesse de les partager avec moi. Au cours des 20 derni\u00e8res ann\u00e9es, j\u2019ai continu\u00e9 \u00e0 rapporter plus de plantes \u00e0 la maison, ce qui a permis \u00e0 ma collection de s\u2019\u00e9largir.<\/p><p>Marc est \u00e9galement passionn\u00e9 de jardinage. En 2011, il suit en ligne l\u2019expertise de Jean Martin Fortier en jardinage et \u00e9tudie seul, en 2015 il s\u2019inscrit au cours Ma\u00eetre Jardinier et en 2021 il s\u2019inscrit au programme de certificat de Jean Martin Fortier. Retrait\u00e9 de la \u00ab Force a\u00e9rienne \u00bb militaire apr\u00e8s 30 ans de service, il aime maintenant mettre en pratique son jardinage et ses connaissances croissantes nous aident \u00e0 appliquer des pratiques de culture durables dans la culture de fleurs locales ici dans notre petit coin des Maritimes.<\/p><p>Nous avons commenc\u00e9 notre aventure de fleurs coup\u00e9es sp\u00e9cialis\u00e9es en 2021 en travaillant aux c\u00f4t\u00e9s de Norma au march\u00e9 et en 2022, nous avons commenc\u00e9 \u00e0 produire \u00e0 plus grande \u00e9chelle. Nous avons beaucoup travaill\u00e9 pour conditionner notre sol, investir dans de nouveaux massifs de plantes vivaces et peaufiner notre production annuelle de fleurs. Entre Norma et moi, nous cultivons d\u00e9sormais pr\u00e8s de 15 000 plantes individuelles ces derni\u00e8res ann\u00e9es et notre nombre ne cesse d&rsquo;augmenter chaque ann\u00e9e.<\/p><p>Cultiver des fleurs \u00e0 un niveau commercial est un travail difficile et n\u00e9cessite un engagement \u00e9norme, mais les r\u00e9sultats sont dix fois sup\u00e9rieurs \u00e0 ce que j&rsquo;avais imagin\u00e9. Travailler dans mes parterres de fleurs a \u00e9t\u00e9 tr\u00e8s gratifiant et la beaut\u00e9 que nous cultivons m&rsquo;a \u00ab ouvert le c\u0153ur \u00bb \u00e0 bien des \u00e9gards gr\u00e2ce aux r\u00e9actions des gens en recevant nos fleurs cultiv\u00e9es localement, qu&rsquo;il s&rsquo;agisse de faire sourire nos membres hebdomadaires abonn\u00e9s au bouquet, les gens c\u00e9l\u00e9brant des occasions heureuses. comme les anniversaires, les mariages ou lorsque nos fleurs apportent du r\u00e9confort en p\u00e9riode de probl\u00e8mes de sant\u00e9 ou de perte d&rsquo;un \u00eatre cher. C\u2019est ce lien puissant avec les \u00e9motions humaines qui est ma force motrice dans la culture de fleurs coup\u00e9es sp\u00e9cialis\u00e9es.<\/p><\/div><\/div><\/div><\/div><\/div>\t\t\t\t\t\t\t\t<\/div>\n\t\t\t\t<\/div>\n\t\t\t\t\t<\/div>\n\t\t<\/div>\n\t\t\t\t\t<\/div>\n\t\t<\/section>\n\t\t<div class=\"elementor-element elementor-element-648a779 e-flex e-con-boxed e-con e-parent\" data-id=\"648a779\" data-element_type=\"container\" data-e-type=\"container\">\n\t\t\t\t\t<div class=\"e-con-inner\">\n\t\t\t\t<div class=\"elementor-element elementor-element-70a5267 elementor-widget elementor-widget-heading\" data-id=\"70a5267\" data-element_type=\"widget\" data-e-type=\"widget\" data-widget_type=\"heading.default\">\n\t\t\t\t<div class=\"elementor-widget-container\">\n\t\t\t\t\t<h2 class=\"elementor-heading-title elementor-size-default\">Contactez-nous<\/h2>\t\t\t\t<\/div>\n\t\t\t\t<\/div>\n\t\t\t\t\t<\/div>\n\t\t\t\t<\/div>\n\t\t<div class=\"elementor-element elementor-element-d877ff4 e-grid e-con-boxed e-con e-parent\" data-id=\"d877ff4\" data-element_type=\"container\" data-e-type=\"container\">\n\t\t\t\t\t<div class=\"e-con-inner\">\n\t\t\t\t<div class=\"elementor-element elementor-element-dd4bc27 elementor-button-align-stretch elementor-widget elementor-widget-form\" data-id=\"dd4bc27\" data-element_type=\"widget\" data-e-type=\"widget\" data-settings=\"{&quot;step_next_label&quot;:&quot;Suivant&quot;,&quot;step_previous_label&quot;:&quot;Pr\\u00e9c\\u00e9dent&quot;,&quot;button_width&quot;:&quot;100&quot;,&quot;step_type&quot;:&quot;number_text&quot;,&quot;step_icon_shape&quot;:&quot;circle&quot;}\" data-widget_type=\"form.default\">\n\t\t\t\t<div class=\"elementor-widget-container\">\n\t\t\t\t\t\t\t<form class=\"elementor-form\" method=\"post\" name=\"Nouveau formulaire\" aria-label=\"Nouveau formulaire\">\n\t\t\t<input type=\"hidden\" name=\"post_id\" value=\"980\"\/>\n\t\t\t<input type=\"hidden\" name=\"form_id\" value=\"dd4bc27\"\/>\n\t\t\t<input type=\"hidden\" name=\"referer_title\" value=\"\u00c0 propos de nous - De Fleur en Fleurs\" \/>\n\n\t\t\t\t\t\t\t<input type=\"hidden\" name=\"queried_id\" value=\"980\"\/>\n\t\t\t\n\t\t\t<div class=\"elementor-form-fields-wrapper elementor-labels-above\">\n\t\t\t\t\t\t\t\t<div class=\"elementor-field-type-text elementor-field-group elementor-column elementor-field-group-name elementor-col-100\">\n\t\t\t\t\t\t\t\t\t\t\t\t<label for=\"form-field-name\" class=\"elementor-field-label\">\n\t\t\t\t\t\t\t\tNom\t\t\t\t\t\t\t<\/label>\n\t\t\t\t\t\t\t\t\t\t\t\t\t\t<input size=\"1\" type=\"text\" name=\"form_fields[name]\" id=\"form-field-name\" class=\"elementor-field elementor-size-sm  elementor-field-textual\" placeholder=\"Nom\">\n\t\t\t\t\t\t\t\t\t\t\t<\/div>\n\t\t\t\t\t\t\t\t<div class=\"elementor-field-type-email elementor-field-group elementor-column elementor-field-group-email elementor-col-100 elementor-field-required\">\n\t\t\t\t\t\t\t\t\t\t\t\t<label for=\"form-field-email\" class=\"elementor-field-label\">\n\t\t\t\t\t\t\t\tCourriel\t\t\t\t\t\t\t<\/label>\n\t\t\t\t\t\t\t\t\t\t\t\t\t\t<input size=\"1\" type=\"email\" name=\"form_fields[email]\" id=\"form-field-email\" class=\"elementor-field elementor-size-sm  elementor-field-textual\" placeholder=\"Courriel\" required=\"required\">\n\t\t\t\t\t\t\t\t\t\t\t<\/div>\n\t\t\t\t\t\t\t\t<div class=\"elementor-field-type-textarea elementor-field-group elementor-column elementor-field-group-message elementor-col-100\">\n\t\t\t\t\t\t\t\t\t\t\t\t<label for=\"form-field-message\" class=\"elementor-field-label\">\n\t\t\t\t\t\t\t\tMessage\t\t\t\t\t\t\t<\/label>\n\t\t\t\t\t\t<textarea class=\"elementor-field-textual elementor-field  elementor-size-sm\" name=\"form_fields[message]\" id=\"form-field-message\" rows=\"4\" placeholder=\"Message\"><\/textarea>\t\t\t\t<\/div>\n\t\t\t\t\t\t\t\t<div class=\"elementor-field-group elementor-column elementor-field-type-submit elementor-col-100 e-form__buttons\">\n\t\t\t\t\t<button class=\"elementor-button elementor-size-sm\" type=\"submit\">\n\t\t\t\t\t\t<span class=\"elementor-button-content-wrapper\">\n\t\t\t\t\t\t\t\t\t\t\t\t\t\t\t\t\t\t\t\t\t\t<span class=\"elementor-button-text\">Envoyer<\/span>\n\t\t\t\t\t\t\t\t\t\t\t\t\t<\/span>\n\t\t\t\t\t<\/button>\n\t\t\t\t<\/div>\n\t\t\t<\/div>\n\t\t<\/form>\n\t\t\t\t\t\t<\/div>\n\t\t\t\t<\/div>\n\t\t\t\t<div class=\"elementor-element elementor-element-e842bfc elementor-widget elementor-widget-google_maps\" data-id=\"e842bfc\" data-element_type=\"widget\" data-e-type=\"widget\" data-widget_type=\"google_maps.default\">\n\t\t\t\t<div class=\"elementor-widget-container\">\n\t\t\t\t\t\t\t<div class=\"elementor-custom-embed\">\n\t\t\t<iframe loading=\"lazy\"\n\t\t\t\t\tsrc=\"https:\/\/maps.google.com\/maps?q=rexton%2C%20new%20brunswick&#038;t=m&#038;z=10&#038;output=embed&#038;iwloc=near\"\n\t\t\t\t\ttitle=\"rexton, new brunswick\"\n\t\t\t\t\taria-label=\"rexton, new brunswick\"\n\t\t\t><\/iframe>\n\t\t<\/div>\n\t\t\t\t\t\t<\/div>\n\t\t\t\t<\/div>\n\t\t\t\t\t<\/div>\n\t\t\t\t<\/div>\n\t\t\t\t<\/div>\n\t\t","protected":false},"excerpt":{"rendered":"<p>De Fleur en Fleurs est un partenariat de deux petites fermes familiales de fleurs coup\u00e9es sp\u00e9cialis\u00e9es situ\u00e9es \u00e0 Mundleville et \u00e0 St-Charles, au Nouveau-Brunswick. Un partenariat amusant entre deux cousines, [&hellip;]<\/p>\n","protected":false},"author":2,"featured_media":0,"parent":0,"menu_order":0,"comment_status":"closed","ping_status":"closed","template":"","meta":{"om_disable_all_campaigns":false,"_monsterinsights_skip_tracking":false,"_monsterinsights_sitenote_active":false,"_monsterinsights_sitenote_note":"","_monsterinsights_sitenote_category":0,"footnotes":""},"class_list":["post-980","page","type-page","status-publish","hentry"],"aioseo_notices":[],"jetpack_sharing_enabled":true,"_links":{"self":[{"href":"https:\/\/defleurenfleurs.ca\/fr\/wp-json\/wp\/v2\/pages\/980","targetHints":{"allow":["GET"]}}],"collection":[{"href":"https:\/\/defleurenfleurs.ca\/fr\/wp-json\/wp\/v2\/pages"}],"about":[{"href":"https:\/\/defleurenfleurs.ca\/fr\/wp-json\/wp\/v2\/types\/page"}],"author":[{"embeddable":true,"href":"https:\/\/defleurenfleurs.ca\/fr\/wp-json\/wp\/v2\/users\/2"}],"replies":[{"embeddable":true,"href":"https:\/\/defleurenfleurs.ca\/fr\/wp-json\/wp\/v2\/comments?post=980"}],"version-history":[{"count":12,"href":"https:\/\/defleurenfleurs.ca\/fr\/wp-json\/wp\/v2\/pages\/980\/revisions"}],"predecessor-version":[{"id":1724,"href":"https:\/\/defleurenfleurs.ca\/fr\/wp-json\/wp\/v2\/pages\/980\/revisions\/1724"}],"wp:attachment":[{"href":"https:\/\/defleurenfleurs.ca\/fr\/wp-json\/wp\/v2\/media?parent=980"}],"curies":[{"name":"wp","href":"https:\/\/api.w.org\/{rel}","templated":true}]}}