{"id":971,"date":"2022-09-13T02:41:19","date_gmt":"2022-09-13T05:41:19","guid":{"rendered":"https:\/\/defleurenfleurs.ca\/contactez-nous-2\/"},"modified":"2023-08-08T21:56:58","modified_gmt":"2023-08-09T00:56:58","slug":"contactez-nous-2","status":"publish","type":"page","link":"https:\/\/defleurenfleurs.ca\/fr\/contactez-nous-2\/","title":{"rendered":"Contactez-nous"},"content":{"rendered":"\t\t<div data-elementor-type=\"wp-page\" data-elementor-id=\"971\" class=\"elementor elementor-971 elementor-618\" data-elementor-post-type=\"page\">\n\t\t\t\t\t\t<section class=\"elementor-section elementor-top-section elementor-element elementor-element-2d962fa5 elementor-section-full_width elementor-section-height-default elementor-section-height-default\" data-id=\"2d962fa5\" data-element_type=\"section\" data-e-type=\"section\">\n\t\t\t\t\t\t<div class=\"elementor-container elementor-column-gap-default\">\n\t\t\t\t\t<div class=\"elementor-column elementor-col-100 elementor-top-column elementor-element elementor-element-5c46fb9f\" data-id=\"5c46fb9f\" data-element_type=\"column\" data-e-type=\"column\">\n\t\t\t<div class=\"elementor-widget-wrap elementor-element-populated\">\n\t\t\t\t\t\t<div class=\"elementor-element elementor-element-158148fd elementor-widget elementor-widget-text-editor\" data-id=\"158148fd\" data-element_type=\"widget\" data-e-type=\"widget\" data-widget_type=\"text-editor.default\">\n\t\t\t\t<div class=\"elementor-widget-container\">\n\t\t\t\t\t\t\t\t\t<div class=\"wp-block-group alignwide has-white-background-color has-background\" style=\"padding-right: 20px; padding-left: 20px;\">\n<div class=\"wp-block-group alignwide\" style=\"padding-bottom: 30px;\">\n<div class=\"wp-block-group alignwide\" style=\"padding-right: 10%; padding-bottom: 40px; padding-left: 10%;\">\n<div class=\"wp-block-group animated animated-fadeInUp\">\n<div class=\"wp-block-group\">\n<hr class=\"wp-block-separator has-text-color has-primary-color has-alpha-channel-opacity has-primary-background-color has-background\"><\/div>\n<\/div>\n<h2 class=\"has-text-align-center animated animated-fadeInUp has-slider-title-font-size\" style=\"line-height: 1.3;\">Entrez en contact<\/h2>\n<p class=\"has-text-align-center\">Fleurs coup\u00e9es sp\u00e9cialis\u00e9es cultiv\u00e9es localement dans le comt\u00e9 de Kent, au Nouveau-Brunswick. Nous faisons des abonnements bouquet hebdomadaires avec livraison.<\/p>\n<\/div>\n<\/div>\n<div class=\"wp-block-group alignwide\" style=\"padding-top: 16px;\">\n<div class=\"wp-block-group\">\n<div class=\"wp-block-group alignwide\">\n<div class=\"wp-block-columns\">\n<div class=\"wp-block-column\">\n<div class=\"wp-block-group alignwide has-shadow-dark animated animated-fadeInUp has-white-background-color has-background\" style=\"border-radius: 5px; padding: 40px;\">\n<div class=\"wp-block-group\" style=\"padding-bottom: 15px;\">\n<figure class=\"wp-block-image aligncenter size-full is-resized\" style=\"border-radius: 0px;\"><img decoding=\"async\" data-recalc-dims=\"1\" class=\"wp-image-3971\" src=\"https:\/\/i0.wp.com\/demo.sparkletheme.com\/sparkle-fse\/wp-content\/themes\/sparkle-fse\/images\/icon-3.png?resize=60%2C60&#038;ssl=1\" alt=\"\" width=\"60\" height=\"60\"><\/figure>\n<\/div>\n<h2 class=\"has-text-align-center\" style=\"margin: 10px;\"><a href=\"#\">Contactez-nous<\/a><\/h2>\n<p class=\"has-text-align-center\">+(506) 523-5966<\/p>\n<\/div>\n<\/div>\n<div class=\"wp-block-column\">\n<div class=\"wp-block-group alignwide has-shadow-dark animated animated-fadeInUp has-white-background-color has-background\" style=\"border-radius: 5px; padding: 40px;\">\n<div class=\"wp-block-group\" style=\"padding-bottom: 15px;\">\n<figure class=\"wp-block-image aligncenter size-full is-resized\" style=\"border-radius: 0px;\"><img decoding=\"async\" data-recalc-dims=\"1\" class=\"wp-image-3971\" src=\"https:\/\/i0.wp.com\/demo.sparkletheme.com\/sparkle-fse\/wp-content\/themes\/sparkle-fse\/images\/icon-3.png?resize=60%2C60&#038;ssl=1\" alt=\"\" width=\"60\" height=\"60\"><\/figure>\n<\/div>\n<h2 class=\"has-text-align-center\" style=\"margin: 10px;\"><a href=\"mailto:%20defleurenfleurs21@gmail.com\">Envoyez-nous un email<\/a><\/h2>\n<p class=\"has-text-align-center\">defleurenfleurs21@gmail.com<\/p>\n<\/div>\n<\/div>\n<div class=\"wp-block-column\">\n<div class=\"wp-block-group alignwide has-shadow-dark animated animated-fadeInUp has-white-background-color has-background\" style=\"border-radius: 5px; padding: 40px;\">\n<div class=\"wp-block-group\" style=\"padding-bottom: 15px;\">\n<figure class=\"wp-block-image aligncenter size-full is-resized\" style=\"border-radius: 0px;\"><img decoding=\"async\" data-recalc-dims=\"1\" class=\"wp-image-3971\" src=\"https:\/\/i0.wp.com\/demo.sparkletheme.com\/sparkle-fse\/wp-content\/themes\/sparkle-fse\/images\/icon-3.png?resize=60%2C60&#038;ssl=1\" alt=\"\" width=\"60\" height=\"60\"><\/figure>\n<\/div>\n<h2 class=\"has-text-align-center\" style=\"margin: 10px;\"><a href=\"#\">Adresse<\/a><\/h2>\n<p class=\"has-text-align-center\">Rexton, NB, Canada<\/p>\n<\/div>\n<\/div>\n<\/div>\n<\/div>\n<div class=\"wp-block-group alignwide\">\n<div class=\"wp-block-columns\">\n<div class=\"wp-block-column has-shadow-dark animated animated-fadeInUp\" style=\"padding: 10px;\">\n<h2>Contactez-nous<\/h2>\n<p>[contact-form-7 id=\u00a0\u00bb726&Prime; title=\u00a0\u00bbFormulaire Contact 1&Prime;]<\/p>\n<\/div>\n<div class=\"wp-block-column has-shadow-dark animated animated-fadeInUp\"><iframe style=\"border: 0;\" src=\"https:\/\/www.google.com\/maps\/embed?pb=!1m14!1m8!1m3!1d3533.4634012649713!2d85.340386!3d27.672069!3m2!1i1024!2i768!4f13.1!3m3!1m2!1s0x0%3A0xb247d549c1c8137b!2sSparkle%20Themes%20Pvt.%20Ltd.!5e0!3m2!1sen!2snp!4v1662780916121!5m2!1sen!2snp\" width=\"100%\" height=\"100%\" allowfullscreen=\"allowfullscreen\"><\/iframe><\/div>\n<\/div>\n<\/div>\n<\/div>\n<\/div>\n<\/div>\n\t\t\t\t\t\t\t\t<\/div>\n\t\t\t\t<\/div>\n\t\t\t\t\t<\/div>\n\t\t<\/div>\n\t\t\t\t\t<\/div>\n\t\t<\/section>\n\t\t\t\t<\/div>\n\t\t","protected":false},"excerpt":{"rendered":"<p>Entrez en contact Fleurs coup\u00e9es sp\u00e9cialis\u00e9es cultiv\u00e9es localement dans le comt\u00e9 de Kent, au Nouveau-Brunswick. Nous faisons des abonnements bouquet hebdomadaires avec livraison. Contactez-nous +(506) 523-5966 Envoyez-nous un email defleurenfleurs21@gmail.com [&hellip;]<\/p>\n","protected":false},"author":2,"featured_media":0,"parent":0,"menu_order":0,"comment_status":"closed","ping_status":"closed","template":"","meta":{"om_disable_all_campaigns":false,"_monsterinsights_skip_tracking":false,"_monsterinsights_sitenote_active":false,"_monsterinsights_sitenote_note":"","_monsterinsights_sitenote_category":0,"footnotes":""},"class_list":["post-971","page","type-page","status-publish","hentry"],"aioseo_notices":[],"jetpack_sharing_enabled":true,"_links":{"self":[{"href":"https:\/\/defleurenfleurs.ca\/fr\/wp-json\/wp\/v2\/pages\/971","targetHints":{"allow":["GET"]}}],"collection":[{"href":"https:\/\/defleurenfleurs.ca\/fr\/wp-json\/wp\/v2\/pages"}],"about":[{"href":"https:\/\/defleurenfleurs.ca\/fr\/wp-json\/wp\/v2\/types\/page"}],"author":[{"embeddable":true,"href":"https:\/\/defleurenfleurs.ca\/fr\/wp-json\/wp\/v2\/users\/2"}],"replies":[{"embeddable":true,"href":"https:\/\/defleurenfleurs.ca\/fr\/wp-json\/wp\/v2\/comments?post=971"}],"version-history":[{"count":2,"href":"https:\/\/defleurenfleurs.ca\/fr\/wp-json\/wp\/v2\/pages\/971\/revisions"}],"predecessor-version":[{"id":1902,"href":"https:\/\/defleurenfleurs.ca\/fr\/wp-json\/wp\/v2\/pages\/971\/revisions\/1902"}],"wp:attachment":[{"href":"https:\/\/defleurenfleurs.ca\/fr\/wp-json\/wp\/v2\/media?parent=971"}],"curies":[{"name":"wp","href":"https:\/\/api.w.org\/{rel}","templated":true}]}}