{"id":966,"date":"2022-09-13T02:23:06","date_gmt":"2022-09-13T05:23:06","guid":{"rendered":"https:\/\/defleurenfleurs.ca\/marche-des-fermiers-de-bouctouche\/"},"modified":"2023-09-03T22:34:07","modified_gmt":"2023-09-04T01:34:07","slug":"marche-des-fermiers-de-bouctouche","status":"publish","type":"page","link":"https:\/\/defleurenfleurs.ca\/fr\/marche-des-fermiers-de-bouctouche\/","title":{"rendered":"March\u00e9 des fermiers de Bouctouche"},"content":{"rendered":"\t\t<div data-elementor-type=\"wp-page\" data-elementor-id=\"966\" class=\"elementor elementor-966 elementor-617\" data-elementor-post-type=\"page\">\n\t\t\t\t\t\t<section class=\"elementor-section elementor-top-section elementor-element elementor-element-5c50631c elementor-section-boxed elementor-section-height-default elementor-section-height-default\" data-id=\"5c50631c\" data-element_type=\"section\" data-e-type=\"section\">\n\t\t\t\t\t\t<div class=\"elementor-container elementor-column-gap-default\">\n\t\t\t\t\t<div class=\"elementor-column elementor-col-100 elementor-top-column elementor-element elementor-element-17842c06\" data-id=\"17842c06\" data-element_type=\"column\" data-e-type=\"column\">\n\t\t\t<div class=\"elementor-widget-wrap elementor-element-populated\">\n\t\t\t\t\t\t<div class=\"elementor-element elementor-element-cf61c8c elementor-widget elementor-widget-heading\" data-id=\"cf61c8c\" data-element_type=\"widget\" data-e-type=\"widget\" data-widget_type=\"heading.default\">\n\t\t\t\t<div class=\"elementor-widget-container\">\n\t\t\t\t\t<h3 class=\"elementor-heading-title elementor-size-default\">Retrouvez-nous au march\u00e9 des fermiers de Bouctouche les samedis.\nEn saison<br>De mi-juin \u00e0 fin septembre<\/h3>\t\t\t\t<\/div>\n\t\t\t\t<\/div>\n\t\t\t\t<div class=\"elementor-element elementor-element-65b50bff elementor-widget elementor-widget-text-editor\" data-id=\"65b50bff\" data-element_type=\"widget\" data-e-type=\"widget\" data-widget_type=\"text-editor.default\">\n\t\t\t\t<div class=\"elementor-widget-container\">\n\t\t\t\t\t\t\t\t\t<div id=\"yui_3_17_2_1_1691342824931_428\" class=\"col sqs-col-12 span-12\">\n<div id=\"block-400daebc92e019a9193f\" class=\"sqs-block html-block sqs-block-html\" data-block-type=\"2\">\n<div id=\"yui_3_17_2_1_1691342824931_436\" class=\"sqs-block-content\">\n<div id=\"yui_3_17_2_1_1691342824931_435\" class=\"sqs-html-content\">\n<p class=\"preFade fadeIn\">Prenez un caf\u00e9 et venez sentir les roses&#8230;.gracieusement parlant, mais venez vous promener dans un magnifique march\u00e9 de producteurs, avec beaucoup de friandises et passez nous voir et discutez des fleurs. Nos bouquets changent avec la saison et nous offrons une vari\u00e9t\u00e9 qui plaira \u00e0 tous les amoureux des fleurs.<\/p>\n<p id=\"yui_3_17_2_1_1691342824931_434\" class=\"preFade fadeIn\" data-rte-preserve-empty=\"true\"> <\/p>\n<p class=\"preFade fadeIn\">Le march\u00e9 est ouvert de 8 \u00e0 13 heures.<\/p>\n<\/div>\n<\/div>\n<\/div>\n<\/div>\n\t\t\t\t\t\t\t\t<\/div>\n\t\t\t\t<\/div>\n\t\t\t\t\t<\/div>\n\t\t<\/div>\n\t\t\t\t\t<\/div>\n\t\t<\/section>\n\t\t<div class=\"elementor-element elementor-element-c44509c e-flex e-con-boxed e-con e-parent\" data-id=\"c44509c\" data-element_type=\"container\" data-e-type=\"container\">\n\t\t\t\t\t<div class=\"e-con-inner\">\n\t\t\t\t<div class=\"elementor-element elementor-element-e52bdda elementor-widget elementor-widget-image\" data-id=\"e52bdda\" data-element_type=\"widget\" data-e-type=\"widget\" data-widget_type=\"image.default\">\n\t\t\t\t<div class=\"elementor-widget-container\">\n\t\t\t\t\t\t\t\t\t\t\t\t\t\t\t\t<a href=\"https:\/\/www.bouctouchefarmersmarket.ca\/\" target=\"_blank\">\n\t\t\t\t\t\t\t<img decoding=\"async\" width=\"150\" height=\"150\" src=\"https:\/\/i0.wp.com\/defleurenfleurs.ca\/wp-content\/uploads\/2023\/08\/logoRev3-1.png?resize=150%2C150&amp;ssl=1\" class=\"attachment-thumbnail size-thumbnail wp-image-1435\" alt=\"\" srcset=\"https:\/\/i0.wp.com\/defleurenfleurs.ca\/wp-content\/uploads\/2023\/08\/logoRev3-1.png?w=500&amp;ssl=1 500w, https:\/\/i0.wp.com\/defleurenfleurs.ca\/wp-content\/uploads\/2023\/08\/logoRev3-1.png?resize=300%2C300&amp;ssl=1 300w, https:\/\/i0.wp.com\/defleurenfleurs.ca\/wp-content\/uploads\/2023\/08\/logoRev3-1.png?resize=150%2C150&amp;ssl=1 150w, https:\/\/i0.wp.com\/defleurenfleurs.ca\/wp-content\/uploads\/2023\/08\/logoRev3-1.png?resize=100%2C100&amp;ssl=1 100w\" sizes=\"(max-width: 150px) 100vw, 150px\" \/>\t\t\t\t\t\t\t\t<\/a>\n\t\t\t\t\t\t\t\t\t\t\t\t\t\t\t<\/div>\n\t\t\t\t<\/div>\n\t\t\t\t\t<\/div>\n\t\t\t\t<\/div>\n\t\t\t\t<\/div>\n\t\t","protected":false},"excerpt":{"rendered":"<p>Retrouvez-nous au march\u00e9 des fermiers de Bouctouche les samedis. En saisonDe mi-juin \u00e0 fin septembre Prenez un caf\u00e9 et venez sentir les roses&#8230;.gracieusement parlant, mais venez vous promener dans un [&hellip;]<\/p>\n","protected":false},"author":2,"featured_media":0,"parent":0,"menu_order":0,"comment_status":"closed","ping_status":"closed","template":"","meta":{"om_disable_all_campaigns":false,"_monsterinsights_skip_tracking":false,"_monsterinsights_sitenote_active":false,"_monsterinsights_sitenote_note":"","_monsterinsights_sitenote_category":0,"footnotes":""},"class_list":["post-966","page","type-page","status-publish","hentry"],"aioseo_notices":[],"jetpack_sharing_enabled":true,"_links":{"self":[{"href":"https:\/\/defleurenfleurs.ca\/fr\/wp-json\/wp\/v2\/pages\/966","targetHints":{"allow":["GET"]}}],"collection":[{"href":"https:\/\/defleurenfleurs.ca\/fr\/wp-json\/wp\/v2\/pages"}],"about":[{"href":"https:\/\/defleurenfleurs.ca\/fr\/wp-json\/wp\/v2\/types\/page"}],"author":[{"embeddable":true,"href":"https:\/\/defleurenfleurs.ca\/fr\/wp-json\/wp\/v2\/users\/2"}],"replies":[{"embeddable":true,"href":"https:\/\/defleurenfleurs.ca\/fr\/wp-json\/wp\/v2\/comments?post=966"}],"version-history":[{"count":5,"href":"https:\/\/defleurenfleurs.ca\/fr\/wp-json\/wp\/v2\/pages\/966\/revisions"}],"predecessor-version":[{"id":1446,"href":"https:\/\/defleurenfleurs.ca\/fr\/wp-json\/wp\/v2\/pages\/966\/revisions\/1446"}],"wp:attachment":[{"href":"https:\/\/defleurenfleurs.ca\/fr\/wp-json\/wp\/v2\/media?parent=966"}],"curies":[{"name":"wp","href":"https:\/\/api.w.org\/{rel}","templated":true}]}}