{"id":951,"date":"2023-08-07T10:14:59","date_gmt":"2023-08-07T13:14:59","guid":{"rendered":"https:\/\/defleurenfleurs.ca\/boutique-2\/"},"modified":"2025-02-18T19:51:37","modified_gmt":"2025-02-18T22:51:37","slug":"boutique-2","status":"publish","type":"page","link":"https:\/\/defleurenfleurs.ca\/fr\/boutique-2\/","title":{"rendered":"Boutique"},"content":{"rendered":"\t\t<div data-elementor-type=\"wp-page\" data-elementor-id=\"951\" class=\"elementor elementor-951 elementor-869\" data-elementor-post-type=\"page\">\n\t\t\t\t<div class=\"elementor-element elementor-element-72efb88 e-flex e-con-boxed e-con e-parent\" data-id=\"72efb88\" data-element_type=\"container\" data-e-type=\"container\">\n\t\t\t\t\t<div class=\"e-con-inner\">\n\t\t\t\t<div class=\"elementor-element elementor-element-8ff40b3 elementor-widget elementor-widget-heading\" data-id=\"8ff40b3\" data-element_type=\"widget\" data-e-type=\"widget\" data-widget_type=\"heading.default\">\n\t\t\t\t<div class=\"elementor-widget-container\">\n\t\t\t\t\t<h2 class=\"elementor-heading-title elementor-size-default\">Abonnements et cartes cadeaux<\/h2>\t\t\t\t<\/div>\n\t\t\t\t<\/div>\n\t\t\t\t<div class=\"elementor-element elementor-element-5e4ce8c elementor-grid-2 elementor-widget__width-inherit elementor-grid-tablet-3 elementor-grid-mobile-2 elementor-products-grid elementor-wc-products elementor-widget elementor-widget-wc-categories\" data-id=\"5e4ce8c\" data-element_type=\"widget\" data-e-type=\"widget\" data-widget_type=\"wc-categories.default\">\n\t\t\t\t<div class=\"elementor-widget-container\">\n\t\t\t\t\t<div class=\"woocommerce columns-2\"><\/div>\t\t\t\t<\/div>\n\t\t\t\t<\/div>\n\t\t\t\t\t<\/div>\n\t\t\t\t<\/div>\n\t\t<div class=\"elementor-element elementor-element-1da1a6e e-flex e-con-boxed e-con e-parent\" data-id=\"1da1a6e\" data-element_type=\"container\" data-e-type=\"container\">\n\t\t\t\t\t<div class=\"e-con-inner\">\n\t\t\t\t<div class=\"elementor-element elementor-element-1765231 elementor-widget elementor-widget-heading\" data-id=\"1765231\" data-element_type=\"widget\" data-e-type=\"widget\" data-widget_type=\"heading.default\">\n\t\t\t\t<div class=\"elementor-widget-container\">\n\t\t\t\t\t<h2 class=\"elementor-heading-title elementor-size-default\">F\u00eates<\/h2>\t\t\t\t<\/div>\n\t\t\t\t<\/div>\n\t\t\t\t<div class=\"elementor-element elementor-element-7662f6f elementor-grid-1 elementor-grid-tablet-3 elementor-grid-mobile-2 elementor-products-grid elementor-wc-products elementor-widget elementor-widget-wc-categories\" data-id=\"7662f6f\" data-element_type=\"widget\" data-e-type=\"widget\" data-widget_type=\"wc-categories.default\">\n\t\t\t\t<div class=\"elementor-widget-container\">\n\t\t\t\t\t<div class=\"woocommerce columns-1\"><ul class=\"products elementor-grid columns-1\">\n<li class=\"product-category product first\">\n\t<a aria-label=\"Acc\u00e9der \u00e0 la cat\u00e9gorie de produits Couronne de No\u00eal\" href=\"https:\/\/defleurenfleurs.ca\/fr\/categorie-produit\/couronnes\/\"><img fetchpriority=\"high\" decoding=\"async\" src=\"https:\/\/i0.wp.com\/defleurenfleurs.ca\/wp-content\/uploads\/2023\/08\/Wreaths_3-e1699103563109.png?resize=300%2C300&#038;ssl=1\" alt=\"Couronne de No\u00eal\" width=\"300\" height=\"300\" srcset=\"https:\/\/i0.wp.com\/defleurenfleurs.ca\/wp-content\/uploads\/2023\/08\/Wreaths_3-e1699103563109.png?resize=150%2C150&amp;ssl=1 150w, https:\/\/i0.wp.com\/defleurenfleurs.ca\/wp-content\/uploads\/2023\/08\/Wreaths_3-e1699103563109.png?resize=300%2C300&amp;ssl=1 300w, https:\/\/i0.wp.com\/defleurenfleurs.ca\/wp-content\/uploads\/2023\/08\/Wreaths_3-e1699103563109.png?resize=100%2C100&amp;ssl=1 100w, https:\/\/i0.wp.com\/defleurenfleurs.ca\/wp-content\/uploads\/2023\/08\/Wreaths_3-e1699103563109.png?zoom=2&amp;resize=300%2C300&amp;ssl=1 600w\" sizes=\"(max-width: 300px) 100vw, 300px\" \/>\t\t<h2 class=\"woocommerce-loop-category__title\">\n\t\t\tCouronne de No\u00eal <mark class=\"count\">(1)<\/mark>\t\t<\/h2>\n\t\t<\/a><\/li>\n<\/ul>\n<\/div>\t\t\t\t<\/div>\n\t\t\t\t<\/div>\n\t\t\t\t\t<\/div>\n\t\t\t\t<\/div>\n\t\t\t\t<\/div>\n\t\t","protected":false},"excerpt":{"rendered":"<p>Abonnements et cartes cadeaux F\u00eates<\/p>\n","protected":false},"author":2,"featured_media":0,"parent":0,"menu_order":0,"comment_status":"closed","ping_status":"closed","template":"","meta":{"om_disable_all_campaigns":false,"_monsterinsights_skip_tracking":false,"_monsterinsights_sitenote_active":false,"_monsterinsights_sitenote_note":"","_monsterinsights_sitenote_category":0,"footnotes":""},"class_list":["post-951","page","type-page","status-publish","hentry"],"aioseo_notices":[],"jetpack_sharing_enabled":true,"_links":{"self":[{"href":"https:\/\/defleurenfleurs.ca\/fr\/wp-json\/wp\/v2\/pages\/951","targetHints":{"allow":["GET"]}}],"collection":[{"href":"https:\/\/defleurenfleurs.ca\/fr\/wp-json\/wp\/v2\/pages"}],"about":[{"href":"https:\/\/defleurenfleurs.ca\/fr\/wp-json\/wp\/v2\/types\/page"}],"author":[{"embeddable":true,"href":"https:\/\/defleurenfleurs.ca\/fr\/wp-json\/wp\/v2\/users\/2"}],"replies":[{"embeddable":true,"href":"https:\/\/defleurenfleurs.ca\/fr\/wp-json\/wp\/v2\/comments?post=951"}],"version-history":[{"count":20,"href":"https:\/\/defleurenfleurs.ca\/fr\/wp-json\/wp\/v2\/pages\/951\/revisions"}],"predecessor-version":[{"id":2208,"href":"https:\/\/defleurenfleurs.ca\/fr\/wp-json\/wp\/v2\/pages\/951\/revisions\/2208"}],"wp:attachment":[{"href":"https:\/\/defleurenfleurs.ca\/fr\/wp-json\/wp\/v2\/media?parent=951"}],"curies":[{"name":"wp","href":"https:\/\/api.w.org\/{rel}","templated":true}]}}