{"id":1026,"date":"2023-08-06T14:45:02","date_gmt":"2023-08-06T17:45:02","guid":{"rendered":"https:\/\/defleurenfleurs.ca\/abonnement-bouquet\/"},"modified":"2023-11-05T12:25:53","modified_gmt":"2023-11-05T15:25:53","slug":"abonnement-bouquet","status":"publish","type":"page","link":"https:\/\/defleurenfleurs.ca\/fr\/abonnement-bouquet\/","title":{"rendered":"Abonnement bouquet"},"content":{"rendered":"\t\t<div data-elementor-type=\"wp-page\" data-elementor-id=\"1026\" class=\"elementor elementor-1026 elementor-837\" data-elementor-post-type=\"page\">\n\t\t\t\t<div class=\"elementor-element elementor-element-0dfb2c3 e-flex e-con-boxed e-con e-parent\" data-id=\"0dfb2c3\" data-element_type=\"container\" data-e-type=\"container\">\n\t\t\t\t\t<div class=\"e-con-inner\">\n\t\t\t\t<div class=\"elementor-element elementor-element-cb79089 elementor-widget elementor-widget-heading\" data-id=\"cb79089\" data-element_type=\"widget\" data-e-type=\"widget\" data-widget_type=\"heading.default\">\n\t\t\t\t<div class=\"elementor-widget-container\">\n\t\t\t\t\t<h2 class=\"elementor-heading-title elementor-size-default\">Abonnement bouquet<\/h2>\t\t\t\t<\/div>\n\t\t\t\t<\/div>\n\t\t\t\t\t<\/div>\n\t\t\t\t<\/div>\n\t\t<div class=\"elementor-element elementor-element-da04fb3 e-flex e-con-boxed e-con e-parent\" data-id=\"da04fb3\" data-element_type=\"container\" data-e-type=\"container\">\n\t\t\t\t\t<div class=\"e-con-inner\">\n\t\t\t\t<div class=\"elementor-element elementor-element-d9ed63e elementor-widget elementor-widget-text-editor\" data-id=\"d9ed63e\" data-element_type=\"widget\" data-e-type=\"widget\" data-widget_type=\"text-editor.default\">\n\t\t\t\t<div class=\"elementor-widget-container\">\n\t\t\t\t\t\t\t\t\t<div class=\"term-description\">\n<p>Faites-vous plaisir ou faites plaisir \u00e0 quelqu&rsquo;un que vous aimez avec de belles fleurs coup\u00e9es sp\u00e9ciales ! Chaque semaine, de la fin du printemps \u00e0 la fin de l&rsquo;automne, nous livrons des bouquets hebdomadaires aux amateurs de fleurs. Nous s\u00e9lectionnons soigneusement chaque semaine le meilleur de nos fleurs fra\u00eeches dans nos fermes. Nous croyons fermement que chaque fleur devrait avoir son temps pour briller et c&rsquo;est pourquoi nous planifions nos bouquets tout au long de la saison o\u00f9 nous commen\u00e7ons avec nos pr\u00e9cieuses pivoines et suivons la saison estivale avec des zinnias, des lisianthus, des gla\u00efeuls, des tournesols, des dahlias et bien d&rsquo;autres beaut\u00e9s compl\u00e9mentaires pour ajouter du charme \u00e0 chaque bouquet. Nous cultivons plus de 70 fleurs diff\u00e9rentes m\u00e9lang\u00e9es dans plus de 250 vari\u00e9t\u00e9s qui offrent une belle s\u00e9lection en \u00e9t\u00e9 et en automne. Vous trouverez ci-dessous des informations sur notre abonnement au bouquet de fleurs 2024.<\/p>\n<p>Vous pouvez s\u00e9lectionne un abonnement <strong>Bi-mensuel<\/strong> ou <strong>Hebdomadaire.<\/strong> Le co\u00fbt pour un abonnement bimensuel est de 54 $ pour 2 livraisons en mai, ao\u00fbt ou septembre et de 81 $ pour juin\/juillet. Voir ci-dessous pour les options.<\/p>\n<p>Si l&rsquo;achat est destin\u00e9 \u00e0 un cadeau, nous vous fournirons une carte contenant des informations d\u00e9crivant l&rsquo;abonnement au bouquet avec les dates s\u00e9lectionn\u00e9es.<\/p>\n<p>Les abonn\u00e9s hebdomadaires de la saison compl\u00e8te b\u00e9n\u00e9ficient d&rsquo;un bouquet gratuit, sont les premiers \u00e0 recevoir nos fleurs premium et re\u00e7oivent des bouquets bonus suppl\u00e9mentaires pendant la saison.<\/p>\n<p><em><strong>R\u00e9servez votre place aujourd&rsquo;hui avec un d\u00e9p\u00f4t de 50 $ et le paiement int\u00e9gral d\u00fb d&rsquo;ici la fin mai.<\/strong><\/em><br \/><strong>Options de paiement:<\/strong> Nous offrons des options de paiement pour tout montant sup\u00e9rieur \u00e0 60$. Vous pouvez soit payer le \u00ab montant total \u00bb lors de l\u2019inscription, soit payer en 3 versements \u00e0 partir de mars.<\/p>\n<p><strong>Livraison:<\/strong> Notre prix d\u2019abonnement comprend la livraison \u00e0 votre porte. Nous livrons dans les environs de St-Louis, Richibucto, Rexton, Ste-Anne et Bouctouche. Veuillez v\u00e9rifier avec nous si vous \u00eates en dehors de ces zones.<\/p>\n<p>Veuillez noter qu&rsquo;une fiche des conditions g\u00e9n\u00e9rales sera envoy\u00e9e par e-mail au moment de l&rsquo;inscription et que votre consentement sera demand\u00e9 avant l&rsquo;acceptation de l&rsquo;adh\u00e9sion au bouquet.<\/p>\n<p>Veuillez noter que nous offrons un nombre limit\u00e9 de ventes d&rsquo;abonnements avant No\u00ebl, les places restantes \u00e9tant ouvertes en f\u00e9vrier\/mars. Nous vous conseillerons sur notre page Facebook @defleurenfleurs21.<\/p>\n<\/div>\n\t\t\t\t\t\t\t\t<\/div>\n\t\t\t\t<\/div>\n\t\t\t\t\t<\/div>\n\t\t\t\t<\/div>\n\t\t<div class=\"elementor-element elementor-element-cf4a945 e-flex e-con-boxed e-con e-parent\" data-id=\"cf4a945\" data-element_type=\"container\" data-e-type=\"container\">\n\t\t\t\t\t<div class=\"e-con-inner\">\n\t\t\t\t<div class=\"elementor-element elementor-element-05f32cd elementor-grid-4 elementor-grid-tablet-3 elementor-grid-mobile-2 elementor-products-grid elementor-wc-products elementor-widget elementor-widget-woocommerce-products\" data-id=\"05f32cd\" data-element_type=\"widget\" data-e-type=\"widget\" data-widget_type=\"woocommerce-products.default\">\n\t\t\t\t<div class=\"elementor-widget-container\">\n\t\t\t\t\t<div class=\"woocommerce columns-4 \"><ul class=\"products elementor-grid columns-4\">\n<li class=\"product type-product post-1384 status-publish first outofstock product_cat-non-classifiee has-post-thumbnail shipping-taxable purchasable product-type-simple\">\n\t<a href=\"https:\/\/defleurenfleurs.ca\/fr\/produit\/no-1-bouquet-mai-juin\/\" class=\"woocommerce-LoopProduct-link woocommerce-loop-product__link\"><img fetchpriority=\"high\" decoding=\"async\" width=\"253\" height=\"300\" src=\"https:\/\/i0.wp.com\/defleurenfleurs.ca\/wp-content\/uploads\/2023\/11\/August-1.jpeg?resize=253%2C300&amp;ssl=1\" class=\"attachment-woocommerce_thumbnail size-woocommerce_thumbnail\" alt=\"No. 1 Bouquet Mai &amp; Juin\" \/><h2 class=\"woocommerce-loop-product__title\">No. 1 Bouquet Mai &amp; Juin<\/h2>\n\t<span class=\"price\"><span class=\"woocommerce-Price-amount amount\"><bdi><span class=\"woocommerce-Price-currencySymbol\">&#36;<\/span>196.00<\/bdi><\/span><\/span>\n<\/a><a href=\"https:\/\/defleurenfleurs.ca\/fr\/produit\/no-1-bouquet-mai-juin\/\" aria-describedby=\"woocommerce_loop_add_to_cart_link_describedby_1384\" data-quantity=\"1\" class=\"button wp-element-button product_type_simple\" data-product_id=\"1384\" data-product_sku=\"NO1\" aria-label=\"En savoir plus sur &ldquo;No. 1 Bouquet Mai &amp; Juin&rdquo;\" rel=\"nofollow\" data-success_message=\"\">Lire la suite<\/a>\t<span id=\"woocommerce_loop_add_to_cart_link_describedby_1384\" class=\"screen-reader-text\">\n\t\t\t<\/span>\n<\/li>\n<li class=\"product type-product post-1387 status-publish outofstock product_cat-non-classifiee has-post-thumbnail shipping-taxable purchasable product-type-simple\">\n\t<a href=\"https:\/\/defleurenfleurs.ca\/fr\/produit\/no-1-mai-juin-bouquet-bihebdomadaire\/\" class=\"woocommerce-LoopProduct-link woocommerce-loop-product__link\"><img decoding=\"async\" width=\"253\" height=\"300\" src=\"https:\/\/i0.wp.com\/defleurenfleurs.ca\/wp-content\/uploads\/2023\/11\/August-1.jpeg?resize=253%2C300&amp;ssl=1\" class=\"attachment-woocommerce_thumbnail size-woocommerce_thumbnail\" alt=\"No. 1 Bouquet mai &amp; Juin - Bi-mensuel\" \/><h2 class=\"woocommerce-loop-product__title\">No. 1 Bouquet mai &amp; Juin &#8211; Bi-mensuel<\/h2>\n\t<span class=\"price\"><span class=\"woocommerce-Price-amount amount\"><bdi><span class=\"woocommerce-Price-currencySymbol\">&#36;<\/span>112.00<\/bdi><\/span><\/span>\n<\/a><a href=\"https:\/\/defleurenfleurs.ca\/fr\/produit\/no-1-mai-juin-bouquet-bihebdomadaire\/\" aria-describedby=\"woocommerce_loop_add_to_cart_link_describedby_1387\" data-quantity=\"1\" class=\"button wp-element-button product_type_simple\" data-product_id=\"1387\" data-product_sku=\"NO1BW\" aria-label=\"En savoir plus sur &ldquo;No. 1 Bouquet mai &amp; Juin - Bi-mensuel&rdquo;\" rel=\"nofollow\" data-success_message=\"\">Lire la suite<\/a>\t<span id=\"woocommerce_loop_add_to_cart_link_describedby_1387\" class=\"screen-reader-text\">\n\t\t\t<\/span>\n<\/li>\n<\/ul>\n<\/div>\t\t\t\t<\/div>\n\t\t\t\t<\/div>\n\t\t\t\t\t<\/div>\n\t\t\t\t<\/div>\n\t\t\t\t<\/div>\n\t\t","protected":false},"excerpt":{"rendered":"<p>Abonnement bouquet Faites-vous plaisir ou faites plaisir \u00e0 quelqu&rsquo;un que vous aimez avec de belles fleurs coup\u00e9es sp\u00e9ciales ! Chaque semaine, de la fin du printemps \u00e0 la fin de [&hellip;]<\/p>\n","protected":false},"author":2,"featured_media":0,"parent":0,"menu_order":0,"comment_status":"closed","ping_status":"closed","template":"","meta":{"om_disable_all_campaigns":false,"_monsterinsights_skip_tracking":false,"_monsterinsights_sitenote_active":false,"_monsterinsights_sitenote_note":"","_monsterinsights_sitenote_category":0,"footnotes":""},"class_list":["post-1026","page","type-page","status-publish","hentry"],"aioseo_notices":[],"jetpack_sharing_enabled":true,"_links":{"self":[{"href":"https:\/\/defleurenfleurs.ca\/fr\/wp-json\/wp\/v2\/pages\/1026","targetHints":{"allow":["GET"]}}],"collection":[{"href":"https:\/\/defleurenfleurs.ca\/fr\/wp-json\/wp\/v2\/pages"}],"about":[{"href":"https:\/\/defleurenfleurs.ca\/fr\/wp-json\/wp\/v2\/types\/page"}],"author":[{"embeddable":true,"href":"https:\/\/defleurenfleurs.ca\/fr\/wp-json\/wp\/v2\/users\/2"}],"replies":[{"embeddable":true,"href":"https:\/\/defleurenfleurs.ca\/fr\/wp-json\/wp\/v2\/comments?post=1026"}],"version-history":[{"count":10,"href":"https:\/\/defleurenfleurs.ca\/fr\/wp-json\/wp\/v2\/pages\/1026\/revisions"}],"predecessor-version":[{"id":2124,"href":"https:\/\/defleurenfleurs.ca\/fr\/wp-json\/wp\/v2\/pages\/1026\/revisions\/2124"}],"wp:attachment":[{"href":"https:\/\/defleurenfleurs.ca\/fr\/wp-json\/wp\/v2\/media?parent=1026"}],"curies":[{"name":"wp","href":"https:\/\/api.w.org\/{rel}","templated":true}]}}