{"id":1024,"date":"2023-08-06T13:11:45","date_gmt":"2023-08-06T16:11:45","guid":{"rendered":"https:\/\/defleurenfleurs.ca\/ou-nous-trouver\/"},"modified":"2023-10-11T12:38:34","modified_gmt":"2023-10-11T15:38:34","slug":"ou-nous-trouver","status":"publish","type":"page","link":"https:\/\/defleurenfleurs.ca\/fr\/ou-nous-trouver\/","title":{"rendered":"O\u00f9 nous trouver"},"content":{"rendered":"\t\t<div data-elementor-type=\"wp-page\" data-elementor-id=\"1024\" class=\"elementor elementor-1024 elementor-811\" data-elementor-post-type=\"page\">\n\t\t\t\t\t\t<section class=\"elementor-section elementor-top-section elementor-element elementor-element-5a71a9c4 elementor-section-boxed elementor-section-height-default elementor-section-height-default\" data-id=\"5a71a9c4\" data-element_type=\"section\" data-e-type=\"section\">\n\t\t\t\t\t\t<div class=\"elementor-container elementor-column-gap-default\">\n\t\t\t\t\t<div class=\"elementor-column elementor-col-100 elementor-top-column elementor-element elementor-element-73b007b4\" data-id=\"73b007b4\" data-element_type=\"column\" data-e-type=\"column\">\n\t\t\t<div class=\"elementor-widget-wrap elementor-element-populated\">\n\t\t\t\t\t\t<div class=\"elementor-element elementor-element-9211a0a elementor-widget elementor-widget-text-editor\" data-id=\"9211a0a\" data-element_type=\"widget\" data-e-type=\"widget\" data-widget_type=\"text-editor.default\">\n\t\t\t\t<div class=\"elementor-widget-container\">\n\t\t\t\t\t\t\t\t\t<p>Fleurs cultiv\u00e9es avec amour<\/p>\n\t\t\t\t\t\t\t\t<\/div>\n\t\t\t\t<\/div>\n\t\t\t\t<div class=\"elementor-element elementor-element-1596571d elementor-widget elementor-widget-text-editor\" data-id=\"1596571d\" data-element_type=\"widget\" data-e-type=\"widget\" data-widget_type=\"text-editor.default\">\n\t\t\t\t<div class=\"elementor-widget-container\">\n\t\t\t\t\t\t\t\t\t<p>Vous pouvez trouver nos magnifiques bouquets soit au March\u00e9 des fermiers de Bouctouche le samedi de la mi-mai \u00e0 la mi-octobre, soit en commandant en ligne pour une livraison locale ou en devenant membre de l&rsquo;abonnement aux bouquets hebdomadaires ou bihebdomadaires. Nous vendons \u00e9galement des seaux \u00e0 fleurs DIY pour les \u00e9v\u00e9nements sp\u00e9ciaux.<\/p>\n\t\t\t\t\t\t\t\t<\/div>\n\t\t\t\t<\/div>\n\t\t\t\t<div class=\"elementor-element elementor-element-be0f828 elementor-widget elementor-widget-text-editor\" data-id=\"be0f828\" data-element_type=\"widget\" data-e-type=\"widget\" data-widget_type=\"text-editor.default\">\n\t\t\t\t<div class=\"elementor-widget-container\">\n\t\t\t\t\t\t\t\t\t<p>Notre premi\u00e8re ann\u00e9e au march\u00e9<\/p>\n\t\t\t\t\t\t\t\t<\/div>\n\t\t\t\t<\/div>\n\t\t\t\t<div class=\"elementor-element elementor-element-febca18 elementor-widget elementor-widget-text-editor\" data-id=\"febca18\" data-element_type=\"widget\" data-e-type=\"widget\" data-widget_type=\"text-editor.default\">\n\t\t\t\t<div class=\"elementor-widget-container\">\n\t\t\t\t\t\t\t\t\t<p>Plusieurs personnes nous ont d\u00e9couvert au March\u00e9 des fermiers de Bouctouche, tous les samedis, o\u00f9 nous vendons nos fleurs. Nous appr\u00e9cions \u00e9norm\u00e9ment le soutien de tous ceux qui ont achet\u00e9 des bouquets. Nous avons beaucoup appris depuis nos premiers jours au march\u00e9 en 2021, du conditionnement des fleurs \u00e0 l&rsquo;allongement de la dur\u00e9e de vie des vases, en passant par ce qui se vend au march\u00e9. M\u00eame si ce n&rsquo;est pas parfait, chaque ann\u00e9e, nous affinons nos techniques et nous avons ador\u00e9 l&rsquo;exp\u00e9rience. Marcel est devenu notre expert en emballage ! La partie la plus difficile pour nous a \u00e9t\u00e9 de cultiver des fleurs de qualit\u00e9 de fa\u00e7on constante chaque semaine, mais la partie la plus importante a \u00e9t\u00e9 d&rsquo;avoir l&rsquo;opportunit\u00e9 de rencontrer des gens passionn\u00e9s qui aiment tout simplement les fleurs ! C&rsquo;est \u00e0 ce moment-l\u00e0 que nous n&rsquo;avons jamais imagin\u00e9 \u00e0 quel point cette exp\u00e9rience serait enrichissante.<\/p>\n<p><strong>Merci de soutenir vos producteurs de fleurs locaux !<\/strong><\/p>\n\t\t\t\t\t\t\t\t<\/div>\n\t\t\t\t<\/div>\n\t\t\t\t\t<\/div>\n\t\t<\/div>\n\t\t\t\t\t<\/div>\n\t\t<\/section>\n\t\t<div class=\"elementor-element elementor-element-9e6ba28 e-flex e-con-boxed e-con e-parent\" data-id=\"9e6ba28\" data-element_type=\"container\" data-e-type=\"container\">\n\t\t\t\t\t<div class=\"e-con-inner\">\n\t\t\t\t<div class=\"elementor-element elementor-element-dbf9d23 elementor-widget elementor-widget-heading\" data-id=\"dbf9d23\" data-element_type=\"widget\" data-e-type=\"widget\" data-widget_type=\"heading.default\">\n\t\t\t\t<div class=\"elementor-widget-container\">\n\t\t\t\t\t<h2 class=\"elementor-heading-title elementor-size-default\">Cliquez sur les images ci-dessous pour plus d'informations<\/h2>\t\t\t\t<\/div>\n\t\t\t\t<\/div>\n\t\t\t\t<div class=\"elementor-element elementor-element-d3914d7 elementor-widget elementor-widget-spacer\" data-id=\"d3914d7\" data-element_type=\"widget\" data-e-type=\"widget\" data-widget_type=\"spacer.default\">\n\t\t\t\t<div class=\"elementor-widget-container\">\n\t\t\t\t\t\t\t<div class=\"elementor-spacer\">\n\t\t\t<div class=\"elementor-spacer-inner\"><\/div>\n\t\t<\/div>\n\t\t\t\t\t\t<\/div>\n\t\t\t\t<\/div>\n\t\t\t\t\t<\/div>\n\t\t\t\t<\/div>\n\t\t<div class=\"elementor-element elementor-element-97c0db7 e-grid e-con-boxed e-con e-parent\" data-id=\"97c0db7\" data-element_type=\"container\" data-e-type=\"container\">\n\t\t\t\t\t<div class=\"e-con-inner\">\n\t\t\t\t<div class=\"elementor-element elementor-element-3f413c6 elementor-widget elementor-widget-heading\" data-id=\"3f413c6\" data-element_type=\"widget\" data-e-type=\"widget\" data-widget_type=\"heading.default\">\n\t\t\t\t<div class=\"elementor-widget-container\">\n\t\t\t\t\t<h2 class=\"elementor-heading-title elementor-size-default\"><a href=\"https:\/\/defleurenfleurs.ca\/fr\/marche-des-fermiers-de-bouctouche\/\" target=\"_blank\">March\u00e9 des fermiers de Bouctouche<\/a><\/h2>\t\t\t\t<\/div>\n\t\t\t\t<\/div>\n\t\t\t\t<div class=\"elementor-element elementor-element-7b3a34c elementor-widget elementor-widget-heading\" data-id=\"7b3a34c\" data-element_type=\"widget\" data-e-type=\"widget\" data-widget_type=\"heading.default\">\n\t\t\t\t<div class=\"elementor-widget-container\">\n\t\t\t\t\t<h2 class=\"elementor-heading-title elementor-size-default\"><a href=\"https:\/\/defleurenfleurs.ca\/fr\/abonnement-bouquet\/\" target=\"_blank\">Abonnement bouquet<\/a><\/h2>\t\t\t\t<\/div>\n\t\t\t\t<\/div>\n\t\t\t\t\t<\/div>\n\t\t\t\t<\/div>\n\t\t\t\t<\/div>\n\t\t","protected":false},"excerpt":{"rendered":"<p>Fleurs cultiv\u00e9es avec amour Vous pouvez trouver nos magnifiques bouquets soit au March\u00e9 des fermiers de Bouctouche le samedi de la mi-mai \u00e0 la mi-octobre, soit en commandant en ligne [&hellip;]<\/p>\n","protected":false},"author":1,"featured_media":807,"parent":0,"menu_order":0,"comment_status":"closed","ping_status":"closed","template":"","meta":{"om_disable_all_campaigns":false,"_monsterinsights_skip_tracking":false,"_monsterinsights_sitenote_active":false,"_monsterinsights_sitenote_note":"","_monsterinsights_sitenote_category":0,"footnotes":""},"class_list":["post-1024","page","type-page","status-publish","has-post-thumbnail","hentry"],"aioseo_notices":[],"jetpack_sharing_enabled":true,"_links":{"self":[{"href":"https:\/\/defleurenfleurs.ca\/fr\/wp-json\/wp\/v2\/pages\/1024","targetHints":{"allow":["GET"]}}],"collection":[{"href":"https:\/\/defleurenfleurs.ca\/fr\/wp-json\/wp\/v2\/pages"}],"about":[{"href":"https:\/\/defleurenfleurs.ca\/fr\/wp-json\/wp\/v2\/types\/page"}],"author":[{"embeddable":true,"href":"https:\/\/defleurenfleurs.ca\/fr\/wp-json\/wp\/v2\/users\/1"}],"replies":[{"embeddable":true,"href":"https:\/\/defleurenfleurs.ca\/fr\/wp-json\/wp\/v2\/comments?post=1024"}],"version-history":[{"count":7,"href":"https:\/\/defleurenfleurs.ca\/fr\/wp-json\/wp\/v2\/pages\/1024\/revisions"}],"predecessor-version":[{"id":1667,"href":"https:\/\/defleurenfleurs.ca\/fr\/wp-json\/wp\/v2\/pages\/1024\/revisions\/1667"}],"wp:featuredmedia":[{"embeddable":true,"href":"https:\/\/defleurenfleurs.ca\/fr\/wp-json\/wp\/v2\/media\/807"}],"wp:attachment":[{"href":"https:\/\/defleurenfleurs.ca\/fr\/wp-json\/wp\/v2\/media?parent=1024"}],"curies":[{"name":"wp","href":"https:\/\/api.w.org\/{rel}","templated":true}]}}