{"id":1022,"date":"2023-08-06T08:37:36","date_gmt":"2023-08-06T11:37:36","guid":{"rendered":"https:\/\/defleurenfleurs.ca\/local-tres-belle\/"},"modified":"2023-10-11T21:44:45","modified_gmt":"2023-10-12T00:44:45","slug":"local-tres-belle","status":"publish","type":"page","link":"https:\/\/defleurenfleurs.ca\/fr\/local-tres-belle\/","title":{"rendered":"Local. Tr\u00e8s belle."},"content":{"rendered":"\t\t<div data-elementor-type=\"wp-page\" data-elementor-id=\"1022\" class=\"elementor elementor-1022 elementor-790\" data-elementor-post-type=\"page\">\n\t\t\t\t<div class=\"elementor-element elementor-element-1f8f487 e-con-full e-flex e-con e-parent\" data-id=\"1f8f487\" data-element_type=\"container\" data-e-type=\"container\">\n\t\t\t\t<div class=\"elementor-element elementor-element-4596609 elementor-widget elementor-widget-text-editor\" data-id=\"4596609\" data-element_type=\"widget\" data-e-type=\"widget\" data-widget_type=\"text-editor.default\">\n\t\t\t\t<div class=\"elementor-widget-container\">\n\t\t\t\t\t\t\t\t\t<p>Vous \u00eates-vous d\u00e9j\u00e0 demand\u00e9 d&rsquo;o\u00f9 venaient vos fleurs coup\u00e9es ?<\/p>\n\t\t\t\t\t\t\t\t<\/div>\n\t\t\t\t<\/div>\n\t\t\t\t<\/div>\n\t\t<div class=\"elementor-element elementor-element-95abdf6 e-flex e-con-boxed e-con e-parent\" data-id=\"95abdf6\" data-element_type=\"container\" data-e-type=\"container\">\n\t\t\t\t\t<div class=\"e-con-inner\">\n\t\t\t\t<div class=\"elementor-element elementor-element-d3a3f04 elementor-widget elementor-widget-text-editor\" data-id=\"d3a3f04\" data-element_type=\"widget\" data-e-type=\"widget\" data-widget_type=\"text-editor.default\">\n\t\t\t\t<div class=\"elementor-widget-container\">\n\t\t\t\t\t\t\t\t\t<p>Selon de nombreuses donn\u00e9es, plus de 80 % des fleurs vendues au Canada et aux \u00c9tats-Unis sont import\u00e9es d&rsquo;autres pays. Quelques fermes florales pionni\u00e8res cultivent des fleurs locales depuis plus de d\u00e9cennies ici dans les Maritimes, prouvant que cela est possible. De nouvelles vari\u00e9t\u00e9s sp\u00e9cialis\u00e9es de fleurs coup\u00e9es et des pratiques de culture raffin\u00e9es permettent de faire pousser de belles fleurs dans nos zones climatiques.<\/p>\n<p>Nous sommes tr\u00e8s heureux de pouvoir cultiver des vari\u00e9t\u00e9s de fleurs qui ne sont peut-\u00eatre pas aussi propices au transport ou qui n&rsquo;ont pas besoin d&rsquo;\u00eatre trait\u00e9es avec des produits chimiques pour pouvoir \u00eatre conserv\u00e9es pendant des mois en chambre froide. Nous pouvons d\u00e9sormais les cultiver ici m\u00eame, sous notre climat maritime, et vous offrir l&rsquo;exp\u00e9rience de d\u00e9couvrir et d&rsquo;appr\u00e9cier des fleurs fra\u00eeches et magnifiques.<\/p>\n<p>Nous nous soucions de l&rsquo;environnement et des effets du r\u00e9chauffement climatique. Nous croyons en l&rsquo;utilisation de m\u00e9thodes durables afin de prot\u00e9ger notre environnement et de vivre en harmonie avec la nature. Nous pratiquons la diversit\u00e9 des cultures et utilisons une approche naturelle de lutte int\u00e9gr\u00e9e contre les ravageurs. Par exemple, nous devons recouvrir les bourgeons de dahlia de sacs en organza afin de pr\u00e9venir les dommages caus\u00e9s par les insectes. C&rsquo;est plus de travail, mais nous vivons sur la terre que nous cultivons, nous buvons l&rsquo;eau d&rsquo;un puits, nous avons des voisins et nous cultivons des fleurs suppl\u00e9mentaires \u00e0 partager avec les abeilles, les papillons et m\u00eame les insectes nuisibles.<\/p>\n<p>Nous vous encourageons \u00e0 vous connecter davantage avec les producteurs locaux et \u00e0 faire attention \u00e0 la provenance de vos aliments et de vos fleurs. Nous sommes membres de l&rsquo;Association des producteurs de fleurs coup\u00e9es sp\u00e9cialis\u00e9es. Cliquez sur leur lien <a href=\"http:\/\/localflowers.org\">localflowers.org<\/a> pour trouver des producteurs de fleurs locaux du Canada atlantique et des provinces voisines.<\/p>\n\t\t\t\t\t\t\t\t<\/div>\n\t\t\t\t<\/div>\n\t\t\t\t\t<\/div>\n\t\t\t\t<\/div>\n\t\t<div class=\"elementor-element elementor-element-ce06af4 e-flex e-con-boxed e-con e-parent\" data-id=\"ce06af4\" data-element_type=\"container\" data-e-type=\"container\">\n\t\t\t\t\t<div class=\"e-con-inner\">\n\t\t\t\t<div class=\"elementor-element elementor-element-4dba165 elementor-widget elementor-widget-image\" data-id=\"4dba165\" data-element_type=\"widget\" data-e-type=\"widget\" data-widget_type=\"image.default\">\n\t\t\t\t<div class=\"elementor-widget-container\">\n\t\t\t\t\t\t\t\t\t\t\t\t\t\t\t\t<a href=\"https:\/\/localflowers.org\/\" target=\"_blank\">\n\t\t\t\t\t\t\t<img decoding=\"async\" width=\"230\" height=\"129\" src=\"https:\/\/i0.wp.com\/defleurenfleurs.ca\/wp-content\/uploads\/2023\/10\/local-flowers-logo.png?fit=230%2C129&amp;ssl=1\" class=\"attachment-large size-large wp-image-1679\" alt=\"\" \/>\t\t\t\t\t\t\t\t<\/a>\n\t\t\t\t\t\t\t\t\t\t\t\t\t\t\t<\/div>\n\t\t\t\t<\/div>\n\t\t\t\t\t<\/div>\n\t\t\t\t<\/div>\n\t\t\t\t<\/div>\n\t\t","protected":false},"excerpt":{"rendered":"<p>Vous \u00eates-vous d\u00e9j\u00e0 demand\u00e9 d&rsquo;o\u00f9 venaient vos fleurs coup\u00e9es ? Selon de nombreuses donn\u00e9es, plus de 80 % des fleurs vendues au Canada et aux \u00c9tats-Unis sont import\u00e9es d&rsquo;autres pays. [&hellip;]<\/p>\n","protected":false},"author":2,"featured_media":0,"parent":0,"menu_order":0,"comment_status":"closed","ping_status":"closed","template":"","meta":{"om_disable_all_campaigns":false,"_monsterinsights_skip_tracking":false,"_monsterinsights_sitenote_active":false,"_monsterinsights_sitenote_note":"","_monsterinsights_sitenote_category":0,"footnotes":""},"class_list":["post-1022","page","type-page","status-publish","hentry"],"aioseo_notices":[],"jetpack_sharing_enabled":true,"_links":{"self":[{"href":"https:\/\/defleurenfleurs.ca\/fr\/wp-json\/wp\/v2\/pages\/1022","targetHints":{"allow":["GET"]}}],"collection":[{"href":"https:\/\/defleurenfleurs.ca\/fr\/wp-json\/wp\/v2\/pages"}],"about":[{"href":"https:\/\/defleurenfleurs.ca\/fr\/wp-json\/wp\/v2\/types\/page"}],"author":[{"embeddable":true,"href":"https:\/\/defleurenfleurs.ca\/fr\/wp-json\/wp\/v2\/users\/2"}],"replies":[{"embeddable":true,"href":"https:\/\/defleurenfleurs.ca\/fr\/wp-json\/wp\/v2\/comments?post=1022"}],"version-history":[{"count":2,"href":"https:\/\/defleurenfleurs.ca\/fr\/wp-json\/wp\/v2\/pages\/1022\/revisions"}],"predecessor-version":[{"id":1686,"href":"https:\/\/defleurenfleurs.ca\/fr\/wp-json\/wp\/v2\/pages\/1022\/revisions\/1686"}],"wp:attachment":[{"href":"https:\/\/defleurenfleurs.ca\/fr\/wp-json\/wp\/v2\/media?parent=1022"}],"curies":[{"name":"wp","href":"https:\/\/api.w.org\/{rel}","templated":true}]}}